{"id":1288,"date":"2022-08-19T20:35:50","date_gmt":"2022-08-19T20:35:50","guid":{"rendered":"https:\/\/domiberica.international\/product\/montes-norte-formato-pequeno-ve"},"modified":"2022-08-21T20:06:28","modified_gmt":"2022-08-21T20:06:28","slug":"montes-norte-formato-pequeno-ve","status":"publish","type":"product","link":"https:\/\/domiberica.international\/es\/producto\/montes-norte-formato-pequeno-ve","title":{"rendered":"Montes Norte Formato Peque\u00f1o VE"},"content":{"rendered":"","protected":false},"excerpt":{"rendered":"<p>Pr\u00e1ctico para el uso diario o como regalo. Los formatos no rellenables han sido especialmente dise\u00f1ados para la hosteler\u00eda, cumpliendo con la ley que impide el uso de botellas de aceite rellenables.<\/p>\n","protected":false},"featured_media":1224,"template":"","meta":[],"product_brand":[],"product_cat":[417,410,418,420],"product_tag":[471,456,450,468],"class_list":{"0":"post-1288","1":"product","2":"type-product","3":"status-publish","4":"has-post-thumbnail","6":"product_cat-aceite-de-oliva","7":"product_cat-alimentos","8":"product_cat-extra-virgen","9":"product_cat-montes-norte-es","10":"product_tag-aceite-de-oliva","11":"product_tag-alimentos","12":"product_tag-extra-virgen","13":"product_tag-montes-norte-es","15":"first","16":"instock","17":"shipping-taxable","18":"product-type-simple"},"_links":{"self":[{"href":"https:\/\/domiberica.international\/es\/wp-json\/wp\/v2\/product\/1288","targetHints":{"allow":["GET"]}}],"collection":[{"href":"https:\/\/domiberica.international\/es\/wp-json\/wp\/v2\/product"}],"about":[{"href":"https:\/\/domiberica.international\/es\/wp-json\/wp\/v2\/types\/product"}],"version-history":[{"count":1,"href":"https:\/\/domiberica.international\/es\/wp-json\/wp\/v2\/product\/1288\/revisions"}],"predecessor-version":[{"id":1442,"href":"https:\/\/domiberica.international\/es\/wp-json\/wp\/v2\/product\/1288\/revisions\/1442"}],"wp:featuredmedia":[{"embeddable":true,"href":"https:\/\/domiberica.international\/es\/wp-json\/wp\/v2\/media\/1224"}],"wp:attachment":[{"href":"https:\/\/domiberica.international\/es\/wp-json\/wp\/v2\/media?parent=1288"}],"wp:term":[{"taxonomy":"product_brand","embeddable":true,"href":"https:\/\/domiberica.international\/es\/wp-json\/wp\/v2\/product_brand?post=1288"},{"taxonomy":"product_cat","embeddable":true,"href":"https:\/\/domiberica.international\/es\/wp-json\/wp\/v2\/product_cat?post=1288"},{"taxonomy":"product_tag","embeddable":true,"href":"https:\/\/domiberica.international\/es\/wp-json\/wp\/v2\/product_tag?post=1288"}],"curies":[{"name":"wp","href":"https:\/\/api.w.org\/{rel}","templated":true}]}}