{"id":1292,"date":"2022-08-19T19:00:30","date_gmt":"2022-08-19T19:00:30","guid":{"rendered":"https:\/\/domiberica.international\/product\/montes-norte-origen"},"modified":"2022-08-19T19:00:30","modified_gmt":"2022-08-19T19:00:30","slug":"montes-norte-origen-extra-virgen","status":"publish","type":"product","link":"https:\/\/domiberica.international\/es\/producto\/montes-norte-origen-extra-virgen","title":{"rendered":"Montes Norte Origen"},"content":{"rendered":"","protected":false},"excerpt":{"rendered":"<p>Cuidadosamente seleccionado, este aceite est\u00e1 certificado por la Denominaci\u00f3n de Origen Montes de Toledo y lleva el logotipo de la Fundaci\u00f3n Dieta Mediterr\u00e1nea, dejando claro que es un ingrediente esencial para nuestra salud.<\/p>\n","protected":false},"featured_media":1217,"template":"","meta":[],"product_brand":[],"product_cat":[417,410,418,420],"product_tag":[471,456,450,468],"class_list":{"0":"post-1292","1":"product","2":"type-product","3":"status-publish","4":"has-post-thumbnail","6":"product_cat-aceite-de-oliva","7":"product_cat-alimentos","8":"product_cat-extra-virgen","9":"product_cat-montes-norte-es","10":"product_tag-aceite-de-oliva","11":"product_tag-alimentos","12":"product_tag-extra-virgen","13":"product_tag-montes-norte-es","15":"first","16":"instock","17":"shipping-taxable","18":"product-type-simple"},"_links":{"self":[{"href":"https:\/\/domiberica.international\/es\/wp-json\/wp\/v2\/product\/1292","targetHints":{"allow":["GET"]}}],"collection":[{"href":"https:\/\/domiberica.international\/es\/wp-json\/wp\/v2\/product"}],"about":[{"href":"https:\/\/domiberica.international\/es\/wp-json\/wp\/v2\/types\/product"}],"version-history":[{"count":0,"href":"https:\/\/domiberica.international\/es\/wp-json\/wp\/v2\/product\/1292\/revisions"}],"wp:featuredmedia":[{"embeddable":true,"href":"https:\/\/domiberica.international\/es\/wp-json\/wp\/v2\/media\/1217"}],"wp:attachment":[{"href":"https:\/\/domiberica.international\/es\/wp-json\/wp\/v2\/media?parent=1292"}],"wp:term":[{"taxonomy":"product_brand","embeddable":true,"href":"https:\/\/domiberica.international\/es\/wp-json\/wp\/v2\/product_brand?post=1292"},{"taxonomy":"product_cat","embeddable":true,"href":"https:\/\/domiberica.international\/es\/wp-json\/wp\/v2\/product_cat?post=1292"},{"taxonomy":"product_tag","embeddable":true,"href":"https:\/\/domiberica.international\/es\/wp-json\/wp\/v2\/product_tag?post=1292"}],"curies":[{"name":"wp","href":"https:\/\/api.w.org\/{rel}","templated":true}]}}