{"id":1293,"date":"2022-08-19T02:16:32","date_gmt":"2022-08-19T02:16:32","guid":{"rendered":"https:\/\/domiberica.international\/product\/montes-norte-tesoro"},"modified":"2022-08-19T02:16:32","modified_gmt":"2022-08-19T02:16:32","slug":"montes-norte-tesoro-2","status":"publish","type":"product","link":"https:\/\/domiberica.international\/es\/producto\/montes-norte-tesoro-2","title":{"rendered":"Montes Norte Tesoro"},"content":{"rendered":"","protected":false},"excerpt":{"rendered":"<p>Procede de olivos centenarios cultivados tradicionalmente. Se recoge a mano en los primeros d\u00edas de la temporada de recogida de la aceituna, por lo que es un aceite temprano.<\/p>\n<p>Un equipo de agr\u00f3nomos se encarga del cuidado de estos olivos y estudia el momento \u00f3ptimo para la recolecci\u00f3n de las aceitunas, gracias a muestreos peri\u00f3dicos. La extracci\u00f3n del aceite se realiza a baja temperatura para capturar todo su potencial arom\u00e1tico.<\/p>\n<p>La botella est\u00e1 fabricada con una materia prima (arcilla) respetuosa con el medio ambiente. As\u00ed es como quer\u00edamos que fuera, un tesoro por dentro y por fuera, 100% ecol\u00f3gico.<\/p>\n","protected":false},"featured_media":1215,"template":"","meta":[],"product_brand":[],"product_cat":[417,410,418,420],"product_tag":[471,456,450,468],"class_list":{"0":"post-1293","1":"product","2":"type-product","3":"status-publish","4":"has-post-thumbnail","6":"product_cat-aceite-de-oliva","7":"product_cat-alimentos","8":"product_cat-extra-virgen","9":"product_cat-montes-norte-es","10":"product_tag-aceite-de-oliva","11":"product_tag-alimentos","12":"product_tag-extra-virgen","13":"product_tag-montes-norte-es","15":"first","16":"instock","17":"shipping-taxable","18":"product-type-simple"},"_links":{"self":[{"href":"https:\/\/domiberica.international\/es\/wp-json\/wp\/v2\/product\/1293","targetHints":{"allow":["GET"]}}],"collection":[{"href":"https:\/\/domiberica.international\/es\/wp-json\/wp\/v2\/product"}],"about":[{"href":"https:\/\/domiberica.international\/es\/wp-json\/wp\/v2\/types\/product"}],"version-history":[{"count":0,"href":"https:\/\/domiberica.international\/es\/wp-json\/wp\/v2\/product\/1293\/revisions"}],"wp:featuredmedia":[{"embeddable":true,"href":"https:\/\/domiberica.international\/es\/wp-json\/wp\/v2\/media\/1215"}],"wp:attachment":[{"href":"https:\/\/domiberica.international\/es\/wp-json\/wp\/v2\/media?parent=1293"}],"wp:term":[{"taxonomy":"product_brand","embeddable":true,"href":"https:\/\/domiberica.international\/es\/wp-json\/wp\/v2\/product_brand?post=1293"},{"taxonomy":"product_cat","embeddable":true,"href":"https:\/\/domiberica.international\/es\/wp-json\/wp\/v2\/product_cat?post=1293"},{"taxonomy":"product_tag","embeddable":true,"href":"https:\/\/domiberica.international\/es\/wp-json\/wp\/v2\/product_tag?post=1293"}],"curies":[{"name":"wp","href":"https:\/\/api.w.org\/{rel}","templated":true}]}}