{"id":1302,"date":"2022-08-14T23:06:54","date_gmt":"2022-08-14T23:06:54","guid":{"rendered":"https:\/\/domiberica.international\/product\/villadiego-gran-reserva"},"modified":"2022-08-14T23:06:54","modified_gmt":"2022-08-14T23:06:54","slug":"gran-reserva","status":"publish","type":"product","link":"https:\/\/domiberica.international\/es\/producto\/gran-reserva","title":{"rendered":"Villadiego Gran Reserva"},"content":{"rendered":"","protected":false},"excerpt":{"rendered":"<p>Tiene una corteza amarilla pajiza con consistencia y firmeza. El color interior es blanco marfil, con ojos dispersos, tama\u00f1o peque\u00f1o y olor l\u00e1ctico acidulado. Tiene toques de hierba seca, pistachos tostados, avellanas y casi ninguna elasticidad en boca, una sensaci\u00f3n mantecosa con un toque de harina de almendra tostada.<\/p>\n","protected":false},"featured_media":1209,"template":"","meta":[],"product_brand":[],"product_cat":[410,413,411,416],"product_tag":[456,458,436,492],"class_list":{"0":"post-1302","1":"product","2":"type-product","3":"status-publish","4":"has-post-thumbnail","6":"product_cat-alimentos","7":"product_cat-gran-reserva","8":"product_cat-quesos","9":"product_cat-villadiego-es","10":"product_tag-alimentos","11":"product_tag-gran-reserva","12":"product_tag-queso","13":"product_tag-villadiego-es","15":"first","16":"instock","17":"shipping-taxable","18":"product-type-simple"},"_links":{"self":[{"href":"https:\/\/domiberica.international\/es\/wp-json\/wp\/v2\/product\/1302","targetHints":{"allow":["GET"]}}],"collection":[{"href":"https:\/\/domiberica.international\/es\/wp-json\/wp\/v2\/product"}],"about":[{"href":"https:\/\/domiberica.international\/es\/wp-json\/wp\/v2\/types\/product"}],"version-history":[{"count":0,"href":"https:\/\/domiberica.international\/es\/wp-json\/wp\/v2\/product\/1302\/revisions"}],"wp:featuredmedia":[{"embeddable":true,"href":"https:\/\/domiberica.international\/es\/wp-json\/wp\/v2\/media\/1209"}],"wp:attachment":[{"href":"https:\/\/domiberica.international\/es\/wp-json\/wp\/v2\/media?parent=1302"}],"wp:term":[{"taxonomy":"product_brand","embeddable":true,"href":"https:\/\/domiberica.international\/es\/wp-json\/wp\/v2\/product_brand?post=1302"},{"taxonomy":"product_cat","embeddable":true,"href":"https:\/\/domiberica.international\/es\/wp-json\/wp\/v2\/product_cat?post=1302"},{"taxonomy":"product_tag","embeddable":true,"href":"https:\/\/domiberica.international\/es\/wp-json\/wp\/v2\/product_tag?post=1302"}],"curies":[{"name":"wp","href":"https:\/\/api.w.org\/{rel}","templated":true}]}}