{"id":1304,"date":"2022-08-14T22:31:09","date_gmt":"2022-08-14T22:31:09","guid":{"rendered":"https:\/\/domiberica.international\/product\/villadiego-semicurado"},"modified":"2022-08-14T22:31:09","modified_gmt":"2022-08-14T22:31:09","slug":"semicurado","status":"publish","type":"product","link":"https:\/\/domiberica.international\/es\/producto\/semicurado","title":{"rendered":"Villadiego Semicurado"},"content":{"rendered":"","protected":false},"excerpt":{"rendered":"<p>Tiene una corteza de color amarillo p\u00e1lido con consistencia y firmeza. El color interior es blanco marfil con ojos peque\u00f1os y olor l\u00e1ctico acidulado. Recuerda a la hierba seca, a los pistachos tostados y a una elasticidad casi inexistente en boca, con una sensaci\u00f3n mantecosa de nata y harina de almendra.<\/p>\n","protected":false},"featured_media":1210,"template":"","meta":[],"product_brand":[],"product_cat":[410,411,414,416],"product_tag":[456,436,482,492],"class_list":{"0":"post-1304","1":"product","2":"type-product","3":"status-publish","4":"has-post-thumbnail","6":"product_cat-alimentos","7":"product_cat-quesos","8":"product_cat-semi-curado","9":"product_cat-villadiego-es","10":"product_tag-alimentos","11":"product_tag-queso","12":"product_tag-semi-curado","13":"product_tag-villadiego-es","15":"first","16":"instock","17":"shipping-taxable","18":"product-type-simple"},"_links":{"self":[{"href":"https:\/\/domiberica.international\/es\/wp-json\/wp\/v2\/product\/1304","targetHints":{"allow":["GET"]}}],"collection":[{"href":"https:\/\/domiberica.international\/es\/wp-json\/wp\/v2\/product"}],"about":[{"href":"https:\/\/domiberica.international\/es\/wp-json\/wp\/v2\/types\/product"}],"version-history":[{"count":0,"href":"https:\/\/domiberica.international\/es\/wp-json\/wp\/v2\/product\/1304\/revisions"}],"wp:featuredmedia":[{"embeddable":true,"href":"https:\/\/domiberica.international\/es\/wp-json\/wp\/v2\/media\/1210"}],"wp:attachment":[{"href":"https:\/\/domiberica.international\/es\/wp-json\/wp\/v2\/media?parent=1304"}],"wp:term":[{"taxonomy":"product_brand","embeddable":true,"href":"https:\/\/domiberica.international\/es\/wp-json\/wp\/v2\/product_brand?post=1304"},{"taxonomy":"product_cat","embeddable":true,"href":"https:\/\/domiberica.international\/es\/wp-json\/wp\/v2\/product_cat?post=1304"},{"taxonomy":"product_tag","embeddable":true,"href":"https:\/\/domiberica.international\/es\/wp-json\/wp\/v2\/product_tag?post=1304"}],"curies":[{"name":"wp","href":"https:\/\/api.w.org\/{rel}","templated":true}]}}