{"id":1474,"date":"2022-08-22T15:40:21","date_gmt":"2022-08-22T15:40:21","guid":{"rendered":"https:\/\/domiberica.international\/product\/esencia-blanco-2"},"modified":"2022-08-22T15:48:27","modified_gmt":"2022-08-22T15:48:27","slug":"esencia-blanco-2","status":"publish","type":"product","link":"https:\/\/domiberica.international\/es\/producto\/esencia-blanco-2","title":{"rendered":"Esencia Blanco"},"content":{"rendered":"","protected":false},"excerpt":{"rendered":"<p>Vino joven de las variedades Air\u00e9n y Macabeo. Es de color amarillo p\u00e1lido, aroma floral, agradable en boca y un final fresco ideal para acompa\u00f1ar cualquier plato.<\/p>\n<p>Servir a 7-11\u00baC<\/p>\n","protected":false},"featured_media":1440,"template":"","meta":[],"product_brand":[],"product_cat":[339,343,420,341],"product_tag":[600,468],"class_list":{"0":"post-1474","1":"product","2":"type-product","3":"status-publish","4":"has-post-thumbnail","6":"product_cat-bebidas-y-licores","7":"product_cat-blanco","8":"product_cat-montes-norte-es","9":"product_cat-vinos","10":"product_tag-esencia-es","11":"product_tag-montes-norte-es","13":"first","14":"instock","15":"shipping-taxable","16":"product-type-simple"},"_links":{"self":[{"href":"https:\/\/domiberica.international\/es\/wp-json\/wp\/v2\/product\/1474","targetHints":{"allow":["GET"]}}],"collection":[{"href":"https:\/\/domiberica.international\/es\/wp-json\/wp\/v2\/product"}],"about":[{"href":"https:\/\/domiberica.international\/es\/wp-json\/wp\/v2\/types\/product"}],"version-history":[{"count":2,"href":"https:\/\/domiberica.international\/es\/wp-json\/wp\/v2\/product\/1474\/revisions"}],"predecessor-version":[{"id":1483,"href":"https:\/\/domiberica.international\/es\/wp-json\/wp\/v2\/product\/1474\/revisions\/1483"}],"wp:featuredmedia":[{"embeddable":true,"href":"https:\/\/domiberica.international\/es\/wp-json\/wp\/v2\/media\/1440"}],"wp:attachment":[{"href":"https:\/\/domiberica.international\/es\/wp-json\/wp\/v2\/media?parent=1474"}],"wp:term":[{"taxonomy":"product_brand","embeddable":true,"href":"https:\/\/domiberica.international\/es\/wp-json\/wp\/v2\/product_brand?post=1474"},{"taxonomy":"product_cat","embeddable":true,"href":"https:\/\/domiberica.international\/es\/wp-json\/wp\/v2\/product_cat?post=1474"},{"taxonomy":"product_tag","embeddable":true,"href":"https:\/\/domiberica.international\/es\/wp-json\/wp\/v2\/product_tag?post=1474"}],"curies":[{"name":"wp","href":"https:\/\/api.w.org\/{rel}","templated":true}]}}