{"id":1506,"date":"2021-06-27T22:28:29","date_gmt":"2021-06-27T22:28:29","guid":{"rendered":"https:\/\/domiberica.international\/product\/crema-solar-alta-proteccion-solar-spf-50"},"modified":"2022-08-22T16:47:44","modified_gmt":"2022-08-22T16:47:44","slug":"crema-solar-alta-proteccion-solar-spf-50","status":"publish","type":"product","link":"https:\/\/domiberica.international\/es\/producto\/crema-solar-alta-proteccion-solar-spf-50","title":{"rendered":"Crema Solar Alta Protecci\u00f3n Solar SPF 50"},"content":{"rendered":"","protected":false},"excerpt":{"rendered":"<p>Crema solar facial con protecci\u00f3n solar UVA+UVB SPF 50 (alta protecci\u00f3n), resistente al agua. Especialmente formulado para uso facial.<\/p>\n<p>Protege contra las radiaciones UVA y UVB y la acci\u00f3n de los radicales libres.<\/p>\n<p>Hidrata gracias a su f\u00f3rmula rica en aceites naturales.<\/p>\n","protected":false},"featured_media":1195,"template":"","meta":[],"product_brand":[],"product_cat":[348,391,390,394],"product_tag":[442,494,452,493],"class_list":{"0":"post-1506","1":"product","2":"type-product","3":"status-publish","4":"has-post-thumbnail","6":"product_cat-cosmeticos","7":"product_cat-crema-facial","8":"product_cat-rostro","9":"product_cat-valquer-es","10":"product_tag-crema","11":"product_tag-protector-solar","12":"product_tag-rostro","13":"product_tag-valquer-es","15":"first","16":"instock","17":"shipping-taxable","18":"product-type-simple"},"_links":{"self":[{"href":"https:\/\/domiberica.international\/es\/wp-json\/wp\/v2\/product\/1506","targetHints":{"allow":["GET"]}}],"collection":[{"href":"https:\/\/domiberica.international\/es\/wp-json\/wp\/v2\/product"}],"about":[{"href":"https:\/\/domiberica.international\/es\/wp-json\/wp\/v2\/types\/product"}],"version-history":[{"count":1,"href":"https:\/\/domiberica.international\/es\/wp-json\/wp\/v2\/product\/1506\/revisions"}],"predecessor-version":[{"id":1507,"href":"https:\/\/domiberica.international\/es\/wp-json\/wp\/v2\/product\/1506\/revisions\/1507"}],"wp:featuredmedia":[{"embeddable":true,"href":"https:\/\/domiberica.international\/es\/wp-json\/wp\/v2\/media\/1195"}],"wp:attachment":[{"href":"https:\/\/domiberica.international\/es\/wp-json\/wp\/v2\/media?parent=1506"}],"wp:term":[{"taxonomy":"product_brand","embeddable":true,"href":"https:\/\/domiberica.international\/es\/wp-json\/wp\/v2\/product_brand?post=1506"},{"taxonomy":"product_cat","embeddable":true,"href":"https:\/\/domiberica.international\/es\/wp-json\/wp\/v2\/product_cat?post=1506"},{"taxonomy":"product_tag","embeddable":true,"href":"https:\/\/domiberica.international\/es\/wp-json\/wp\/v2\/product_tag?post=1506"}],"curies":[{"name":"wp","href":"https:\/\/api.w.org\/{rel}","templated":true}]}}