{"id":1512,"date":"2021-06-27T22:16:40","date_gmt":"2021-06-27T22:16:40","guid":{"rendered":"https:\/\/domiberica.international\/product\/agua-solar-multiaccion-sin-spf"},"modified":"2021-06-27T22:16:40","modified_gmt":"2021-06-27T22:16:40","slug":"agua-solar-multiaccion-sin-spf","status":"publish","type":"product","link":"https:\/\/domiberica.international\/es\/producto\/agua-solar-multiaccion-sin-spf","title":{"rendered":"Agua Solar Multiacci\u00f3n sin SPF"},"content":{"rendered":"","protected":false},"excerpt":{"rendered":"<p>Su f\u00f3rmula de \u00faltima generaci\u00f3n facilita la pulverizaci\u00f3n facilitando su aplicaci\u00f3n.<\/p>\n<p>Contiene tirosina, riboflavina y amino\u00e1cidos que favorecen e intensifican el bronceado ya que se estimula la s\u00edntesis de melanina.<\/p>\n<p>Permite obtener un bronceado r\u00e1pido, uniforme, intenso y duradero, proporcionando una sensaci\u00f3n refrescante muy agradable.<\/p>\n<p>Se puede utilizar para:<\/p>\n<ul>\n<li>Tomar el sol.<\/li>\n<li>Durante los periodos de sesi\u00f3n de rayos UVA.<\/li>\n<\/ul>\n","protected":false},"featured_media":1192,"template":"","meta":[],"product_brand":[],"product_cat":[348,386,398,385,394],"product_tag":[432,455,494,493],"class_list":{"0":"post-1512","1":"product","2":"type-product","3":"status-publish","4":"has-post-thumbnail","6":"product_cat-cosmeticos","7":"product_cat-cuerpo","8":"product_cat-fluido","9":"product_cat-protector-solar","10":"product_cat-valquer-es","11":"product_tag-cuerpo","12":"product_tag-fluido","13":"product_tag-protector-solar","14":"product_tag-valquer-es","16":"first","17":"instock","18":"shipping-taxable","19":"product-type-simple"},"_links":{"self":[{"href":"https:\/\/domiberica.international\/es\/wp-json\/wp\/v2\/product\/1512","targetHints":{"allow":["GET"]}}],"collection":[{"href":"https:\/\/domiberica.international\/es\/wp-json\/wp\/v2\/product"}],"about":[{"href":"https:\/\/domiberica.international\/es\/wp-json\/wp\/v2\/types\/product"}],"version-history":[{"count":0,"href":"https:\/\/domiberica.international\/es\/wp-json\/wp\/v2\/product\/1512\/revisions"}],"wp:featuredmedia":[{"embeddable":true,"href":"https:\/\/domiberica.international\/es\/wp-json\/wp\/v2\/media\/1192"}],"wp:attachment":[{"href":"https:\/\/domiberica.international\/es\/wp-json\/wp\/v2\/media?parent=1512"}],"wp:term":[{"taxonomy":"product_brand","embeddable":true,"href":"https:\/\/domiberica.international\/es\/wp-json\/wp\/v2\/product_brand?post=1512"},{"taxonomy":"product_cat","embeddable":true,"href":"https:\/\/domiberica.international\/es\/wp-json\/wp\/v2\/product_cat?post=1512"},{"taxonomy":"product_tag","embeddable":true,"href":"https:\/\/domiberica.international\/es\/wp-json\/wp\/v2\/product_tag?post=1512"}],"curies":[{"name":"wp","href":"https:\/\/api.w.org\/{rel}","templated":true}]}}