{"id":1518,"date":"2021-06-27T22:03:24","date_gmt":"2021-06-27T22:03:24","guid":{"rendered":"https:\/\/domiberica.international\/product\/emulsion-hidratante-activadora-del-bronceado"},"modified":"2021-06-27T22:03:24","modified_gmt":"2021-06-27T22:03:24","slug":"emulsion-hidratante-activadora-del-bronceado","status":"publish","type":"product","link":"https:\/\/domiberica.international\/es\/producto\/emulsion-hidratante-activadora-del-bronceado","title":{"rendered":"Emulsi\u00f3n Hidratante Activadora del Bronceado"},"content":{"rendered":"","protected":false},"excerpt":{"rendered":"<p>Se trata de una emulsi\u00f3n suave, ligera e hidratante que contiene un acelerador del bronceado y un complejo vitam\u00ednico antirradical gratuito.<\/p>\n<p>Debe utilizarse como leche hidratante corporal mientras dure el programa de sesiones de rayos UVA.<\/p>\n<p>Acelera y estimula la producci\u00f3n de melanina en la piel con el objetivo de mejorar los resultados y obtener un bronceado m\u00e1s profundo con un tono m\u00e1s natural.<\/p>\n","protected":false},"featured_media":1189,"template":"","meta":[],"product_brand":[],"product_cat":[389,348,386,385,394],"product_tag":[442,432,494,493],"class_list":{"0":"post-1518","1":"product","2":"type-product","3":"status-publish","4":"has-post-thumbnail","6":"product_cat-aceite","7":"product_cat-cosmeticos","8":"product_cat-cuerpo","9":"product_cat-protector-solar","10":"product_cat-valquer-es","11":"product_tag-crema","12":"product_tag-cuerpo","13":"product_tag-protector-solar","14":"product_tag-valquer-es","16":"first","17":"instock","18":"shipping-taxable","19":"product-type-simple"},"_links":{"self":[{"href":"https:\/\/domiberica.international\/es\/wp-json\/wp\/v2\/product\/1518","targetHints":{"allow":["GET"]}}],"collection":[{"href":"https:\/\/domiberica.international\/es\/wp-json\/wp\/v2\/product"}],"about":[{"href":"https:\/\/domiberica.international\/es\/wp-json\/wp\/v2\/types\/product"}],"version-history":[{"count":0,"href":"https:\/\/domiberica.international\/es\/wp-json\/wp\/v2\/product\/1518\/revisions"}],"wp:featuredmedia":[{"embeddable":true,"href":"https:\/\/domiberica.international\/es\/wp-json\/wp\/v2\/media\/1189"}],"wp:attachment":[{"href":"https:\/\/domiberica.international\/es\/wp-json\/wp\/v2\/media?parent=1518"}],"wp:term":[{"taxonomy":"product_brand","embeddable":true,"href":"https:\/\/domiberica.international\/es\/wp-json\/wp\/v2\/product_brand?post=1518"},{"taxonomy":"product_cat","embeddable":true,"href":"https:\/\/domiberica.international\/es\/wp-json\/wp\/v2\/product_cat?post=1518"},{"taxonomy":"product_tag","embeddable":true,"href":"https:\/\/domiberica.international\/es\/wp-json\/wp\/v2\/product_tag?post=1518"}],"curies":[{"name":"wp","href":"https:\/\/api.w.org\/{rel}","templated":true}]}}