{"id":1520,"date":"2021-06-27T21:57:40","date_gmt":"2021-06-27T21:57:40","guid":{"rendered":"https:\/\/domiberica.international\/product\/aftersun-con-aloe-vera-en-spray"},"modified":"2021-06-27T21:57:40","modified_gmt":"2021-06-27T21:57:40","slug":"aftersun-con-aloe-vera-en-spray","status":"publish","type":"product","link":"https:\/\/domiberica.international\/es\/producto\/aftersun-con-aloe-vera-en-spray","title":{"rendered":"Aftersun con Aloe Vera en Spray"},"content":{"rendered":"","protected":false},"excerpt":{"rendered":"<p>Es una emulsi\u00f3n formulada con un alto contenido en Aloe Vera Ecol\u00f3gico que aporta sus propiedades calmantes, emolientes e hidratantes.<\/p>\n<p>Su presentaci\u00f3n en spray proporciona una agradable sensaci\u00f3n refrescante y de alivio a la piel tras la exposici\u00f3n al sol.<\/p>\n","protected":false},"featured_media":1188,"template":"","meta":[],"product_brand":[],"product_cat":[348,386,388,385,394],"product_tag":[432,437,494,493],"class_list":{"0":"post-1520","1":"product","2":"type-product","3":"status-publish","4":"has-post-thumbnail","6":"product_cat-cosmeticos","7":"product_cat-cuerpo","8":"product_cat-despues-de-la-exposicion-al-sol","9":"product_cat-protector-solar","10":"product_cat-valquer-es","11":"product_tag-cuerpo","12":"product_tag-despues-de-la-exposicion-al-sol","13":"product_tag-protector-solar","14":"product_tag-valquer-es","16":"first","17":"instock","18":"shipping-taxable","19":"product-type-simple"},"_links":{"self":[{"href":"https:\/\/domiberica.international\/es\/wp-json\/wp\/v2\/product\/1520","targetHints":{"allow":["GET"]}}],"collection":[{"href":"https:\/\/domiberica.international\/es\/wp-json\/wp\/v2\/product"}],"about":[{"href":"https:\/\/domiberica.international\/es\/wp-json\/wp\/v2\/types\/product"}],"version-history":[{"count":0,"href":"https:\/\/domiberica.international\/es\/wp-json\/wp\/v2\/product\/1520\/revisions"}],"wp:featuredmedia":[{"embeddable":true,"href":"https:\/\/domiberica.international\/es\/wp-json\/wp\/v2\/media\/1188"}],"wp:attachment":[{"href":"https:\/\/domiberica.international\/es\/wp-json\/wp\/v2\/media?parent=1520"}],"wp:term":[{"taxonomy":"product_brand","embeddable":true,"href":"https:\/\/domiberica.international\/es\/wp-json\/wp\/v2\/product_brand?post=1520"},{"taxonomy":"product_cat","embeddable":true,"href":"https:\/\/domiberica.international\/es\/wp-json\/wp\/v2\/product_cat?post=1520"},{"taxonomy":"product_tag","embeddable":true,"href":"https:\/\/domiberica.international\/es\/wp-json\/wp\/v2\/product_tag?post=1520"}],"curies":[{"name":"wp","href":"https:\/\/api.w.org\/{rel}","templated":true}]}}