{"id":1524,"date":"2021-06-27T16:32:30","date_gmt":"2021-06-27T16:32:30","guid":{"rendered":"https:\/\/domiberica.international\/product\/locion-hidratante-tonificante"},"modified":"2022-08-22T18:32:51","modified_gmt":"2022-08-22T18:32:51","slug":"locion-hidratante-tonificante","status":"publish","type":"product","link":"https:\/\/domiberica.international\/es\/producto\/locion-hidratante-tonificante","title":{"rendered":"Loci\u00f3n Hidratante Tonificante"},"content":{"rendered":"","protected":false},"excerpt":{"rendered":"<p>El Aloe Vera permite una tonificaci\u00f3n suave, fresca y agradable de la epidermis, hidrat\u00e1ndola en profundidad y descongestion\u00e1ndola por su probada actividad calmante.<\/p>\n<p>Formulaci\u00f3n sin alcohol, espec\u00edfica para pieles normales y secas.<\/p>\n","protected":false},"featured_media":1175,"template":"","meta":[],"product_brand":[],"product_cat":[348,395,408,403,394],"product_tag":[488,467,453,493],"class_list":{"0":"post-1524","1":"product","2":"type-product","3":"status-publish","4":"has-post-thumbnail","6":"product_cat-cosmeticos","7":"product_cat-dbullon-es","8":"product_cat-hidratante","9":"product_cat-rostro-es","10":"product_cat-valquer-es","11":"product_tag-dbullon-es","12":"product_tag-hidratante","13":"product_tag-rostro-es","14":"product_tag-valquer-es","16":"first","17":"instock","18":"shipping-taxable","19":"product-type-simple"},"_links":{"self":[{"href":"https:\/\/domiberica.international\/es\/wp-json\/wp\/v2\/product\/1524","targetHints":{"allow":["GET"]}}],"collection":[{"href":"https:\/\/domiberica.international\/es\/wp-json\/wp\/v2\/product"}],"about":[{"href":"https:\/\/domiberica.international\/es\/wp-json\/wp\/v2\/types\/product"}],"version-history":[{"count":1,"href":"https:\/\/domiberica.international\/es\/wp-json\/wp\/v2\/product\/1524\/revisions"}],"predecessor-version":[{"id":1525,"href":"https:\/\/domiberica.international\/es\/wp-json\/wp\/v2\/product\/1524\/revisions\/1525"}],"wp:featuredmedia":[{"embeddable":true,"href":"https:\/\/domiberica.international\/es\/wp-json\/wp\/v2\/media\/1175"}],"wp:attachment":[{"href":"https:\/\/domiberica.international\/es\/wp-json\/wp\/v2\/media?parent=1524"}],"wp:term":[{"taxonomy":"product_brand","embeddable":true,"href":"https:\/\/domiberica.international\/es\/wp-json\/wp\/v2\/product_brand?post=1524"},{"taxonomy":"product_cat","embeddable":true,"href":"https:\/\/domiberica.international\/es\/wp-json\/wp\/v2\/product_cat?post=1524"},{"taxonomy":"product_tag","embeddable":true,"href":"https:\/\/domiberica.international\/es\/wp-json\/wp\/v2\/product_tag?post=1524"}],"curies":[{"name":"wp","href":"https:\/\/api.w.org\/{rel}","templated":true}]}}