{"id":1531,"date":"2021-06-27T16:22:51","date_gmt":"2021-06-27T16:22:51","guid":{"rendered":"https:\/\/domiberica.international\/product\/leche-limpiadora-desensibilizante"},"modified":"2021-06-27T16:22:51","modified_gmt":"2021-06-27T16:22:51","slug":"leche-limpiadora-desensibilizante","status":"publish","type":"product","link":"https:\/\/domiberica.international\/es\/producto\/leche-limpiadora-desensibilizante","title":{"rendered":"Leche Limpiadora Desensibilizante"},"content":{"rendered":"","protected":false},"excerpt":{"rendered":"<p>Es una leche de textura muy suave y fresca, que limpia y desmaquilla previniendo la aparici\u00f3n de irritaciones y rojeces t\u00edpicas de las pieles muy sensibles gracias a la acci\u00f3n de Soothex\u00ae(agente vegetal que previene la aparici\u00f3n de los s\u00edntomas de la piel irritada).<\/p>\n","protected":false},"featured_media":1177,"template":"","meta":[],"product_brand":[],"product_cat":[348,395,406,403,394],"product_tag":[488,446,453,493],"class_list":{"0":"post-1531","1":"product","2":"type-product","3":"status-publish","4":"has-post-thumbnail","6":"product_cat-cosmeticos","7":"product_cat-dbullon-es","8":"product_cat-desensibilador","9":"product_cat-rostro-es","10":"product_cat-valquer-es","11":"product_tag-dbullon-es","12":"product_tag-desensibilador","13":"product_tag-rostro-es","14":"product_tag-valquer-es","16":"first","17":"instock","18":"shipping-taxable","19":"product-type-simple"},"_links":{"self":[{"href":"https:\/\/domiberica.international\/es\/wp-json\/wp\/v2\/product\/1531","targetHints":{"allow":["GET"]}}],"collection":[{"href":"https:\/\/domiberica.international\/es\/wp-json\/wp\/v2\/product"}],"about":[{"href":"https:\/\/domiberica.international\/es\/wp-json\/wp\/v2\/types\/product"}],"version-history":[{"count":0,"href":"https:\/\/domiberica.international\/es\/wp-json\/wp\/v2\/product\/1531\/revisions"}],"wp:featuredmedia":[{"embeddable":true,"href":"https:\/\/domiberica.international\/es\/wp-json\/wp\/v2\/media\/1177"}],"wp:attachment":[{"href":"https:\/\/domiberica.international\/es\/wp-json\/wp\/v2\/media?parent=1531"}],"wp:term":[{"taxonomy":"product_brand","embeddable":true,"href":"https:\/\/domiberica.international\/es\/wp-json\/wp\/v2\/product_brand?post=1531"},{"taxonomy":"product_cat","embeddable":true,"href":"https:\/\/domiberica.international\/es\/wp-json\/wp\/v2\/product_cat?post=1531"},{"taxonomy":"product_tag","embeddable":true,"href":"https:\/\/domiberica.international\/es\/wp-json\/wp\/v2\/product_tag?post=1531"}],"curies":[{"name":"wp","href":"https:\/\/api.w.org\/{rel}","templated":true}]}}