{"id":1536,"date":"2021-06-27T16:18:48","date_gmt":"2021-06-27T16:18:48","guid":{"rendered":"https:\/\/domiberica.international\/product\/tratamiento-despigmentante"},"modified":"2021-06-27T16:18:48","modified_gmt":"2021-06-27T16:18:48","slug":"tratamiento-despigmentante","status":"publish","type":"product","link":"https:\/\/domiberica.international\/es\/producto\/tratamiento-despigmentante","title":{"rendered":"Tratamiento Despigmentante"},"content":{"rendered":"","protected":false},"excerpt":{"rendered":"<p>La melanina es el pigmento responsable de la coloraci\u00f3n de la piel.<\/p>\n<p>La pigmentaci\u00f3n irregular puede estar causada por m\u00faltiples factores: cambios hormonales, la edad y la excesiva exposici\u00f3n al sol.<\/p>\n<p>El TRATAMIENTO DEPIGMENTANTE D&#8217;BULLON le permitir\u00e1 reducir y prevenir las manchas durante 30 d\u00edas.<\/p>\n<p>Probado dermatol\u00f3gicamente. Los resultados est\u00e1n respaldados por estudios cient\u00edficos.<\/p>\n","protected":false},"featured_media":1181,"template":"","meta":[],"product_brand":[],"product_cat":[348,395,405,403,394],"product_tag":[488,445,453,493],"class_list":{"0":"post-1536","1":"product","2":"type-product","3":"status-publish","4":"has-post-thumbnail","6":"product_cat-cosmeticos","7":"product_cat-dbullon-es","8":"product_cat-despigmentador","9":"product_cat-rostro-es","10":"product_cat-valquer-es","11":"product_tag-dbullon-es","12":"product_tag-despigmentador","13":"product_tag-rostro-es","14":"product_tag-valquer-es","16":"first","17":"instock","18":"shipping-taxable","19":"product-type-simple"},"_links":{"self":[{"href":"https:\/\/domiberica.international\/es\/wp-json\/wp\/v2\/product\/1536","targetHints":{"allow":["GET"]}}],"collection":[{"href":"https:\/\/domiberica.international\/es\/wp-json\/wp\/v2\/product"}],"about":[{"href":"https:\/\/domiberica.international\/es\/wp-json\/wp\/v2\/types\/product"}],"version-history":[{"count":0,"href":"https:\/\/domiberica.international\/es\/wp-json\/wp\/v2\/product\/1536\/revisions"}],"wp:featuredmedia":[{"embeddable":true,"href":"https:\/\/domiberica.international\/es\/wp-json\/wp\/v2\/media\/1181"}],"wp:attachment":[{"href":"https:\/\/domiberica.international\/es\/wp-json\/wp\/v2\/media?parent=1536"}],"wp:term":[{"taxonomy":"product_brand","embeddable":true,"href":"https:\/\/domiberica.international\/es\/wp-json\/wp\/v2\/product_brand?post=1536"},{"taxonomy":"product_cat","embeddable":true,"href":"https:\/\/domiberica.international\/es\/wp-json\/wp\/v2\/product_cat?post=1536"},{"taxonomy":"product_tag","embeddable":true,"href":"https:\/\/domiberica.international\/es\/wp-json\/wp\/v2\/product_tag?post=1536"}],"curies":[{"name":"wp","href":"https:\/\/api.w.org\/{rel}","templated":true}]}}