{"id":1537,"date":"2021-06-27T16:12:21","date_gmt":"2021-06-27T16:12:21","guid":{"rendered":"https:\/\/domiberica.international\/product\/activo-despigmentante-spf-20"},"modified":"2021-06-27T16:12:21","modified_gmt":"2021-06-27T16:12:21","slug":"activo-despigmentante-spf-20","status":"publish","type":"product","link":"https:\/\/domiberica.international\/es\/producto\/activo-despigmentante-spf-20","title":{"rendered":"Activo Despigmentante SPF 20"},"content":{"rendered":"","protected":false},"excerpt":{"rendered":"<p>Una crema de protecci\u00f3n solar (SPF 20), que contiene un activo despigmentante de \u00faltima generaci\u00f3n: Chromabright\u00ae. Este elemento activo tiene un efecto iluminador, ya que reduce gradualmente la s\u00edntesis de melanina, responsable de la aparici\u00f3n de manchas en la piel.<\/p>\n","protected":false},"featured_media":1180,"template":"","meta":[],"product_brand":[],"product_cat":[348,395,405,403,394],"product_tag":[488,445,453,493],"class_list":{"0":"post-1537","1":"product","2":"type-product","3":"status-publish","4":"has-post-thumbnail","6":"product_cat-cosmeticos","7":"product_cat-dbullon-es","8":"product_cat-despigmentador","9":"product_cat-rostro-es","10":"product_cat-valquer-es","11":"product_tag-dbullon-es","12":"product_tag-despigmentador","13":"product_tag-rostro-es","14":"product_tag-valquer-es","16":"first","17":"instock","18":"shipping-taxable","19":"product-type-simple"},"_links":{"self":[{"href":"https:\/\/domiberica.international\/es\/wp-json\/wp\/v2\/product\/1537","targetHints":{"allow":["GET"]}}],"collection":[{"href":"https:\/\/domiberica.international\/es\/wp-json\/wp\/v2\/product"}],"about":[{"href":"https:\/\/domiberica.international\/es\/wp-json\/wp\/v2\/types\/product"}],"version-history":[{"count":0,"href":"https:\/\/domiberica.international\/es\/wp-json\/wp\/v2\/product\/1537\/revisions"}],"wp:featuredmedia":[{"embeddable":true,"href":"https:\/\/domiberica.international\/es\/wp-json\/wp\/v2\/media\/1180"}],"wp:attachment":[{"href":"https:\/\/domiberica.international\/es\/wp-json\/wp\/v2\/media?parent=1537"}],"wp:term":[{"taxonomy":"product_brand","embeddable":true,"href":"https:\/\/domiberica.international\/es\/wp-json\/wp\/v2\/product_brand?post=1537"},{"taxonomy":"product_cat","embeddable":true,"href":"https:\/\/domiberica.international\/es\/wp-json\/wp\/v2\/product_cat?post=1537"},{"taxonomy":"product_tag","embeddable":true,"href":"https:\/\/domiberica.international\/es\/wp-json\/wp\/v2\/product_tag?post=1537"}],"curies":[{"name":"wp","href":"https:\/\/api.w.org\/{rel}","templated":true}]}}