{"id":1539,"date":"2021-06-27T15:46:28","date_gmt":"2021-06-27T15:46:28","guid":{"rendered":"https:\/\/domiberica.international\/product\/reequilibrante-hidratante"},"modified":"2021-06-27T15:46:28","modified_gmt":"2021-06-27T15:46:28","slug":"reequilibrante-hidratante","status":"publish","type":"product","link":"https:\/\/domiberica.international\/es\/producto\/reequilibrante-hidratante","title":{"rendered":"Reequilibrante Hidratante"},"content":{"rendered":"","protected":false},"excerpt":{"rendered":"<p>Superhidrataci\u00f3n reequilibrante para pies, codos y rodillas.<\/p>\n<p>Es una crema que proporciona a las zonas de piel seca y agrietada toda la fuerza emoliente e hidratante del aceite de almendras y lanolina.<\/p>\n<p>Esta f\u00f3rmula superhidratante no deja sensaci\u00f3n de grasa tras su aplicaci\u00f3n.<\/p>\n","protected":false},"featured_media":1187,"template":"","meta":[],"product_brand":[],"product_cat":[396,348,395,399,394],"product_tag":[441,488,462,493],"class_list":{"0":"post-1539","1":"product","2":"type-product","3":"status-publish","4":"has-post-thumbnail","6":"product_cat-corporal-es","7":"product_cat-cosmeticos","8":"product_cat-dbullon-es","9":"product_cat-hidronutritivo","10":"product_cat-valquer-es","11":"product_tag-corporal-es","12":"product_tag-dbullon-es","13":"product_tag-hidronutritivo","14":"product_tag-valquer-es","16":"first","17":"instock","18":"shipping-taxable","19":"product-type-simple"},"_links":{"self":[{"href":"https:\/\/domiberica.international\/es\/wp-json\/wp\/v2\/product\/1539","targetHints":{"allow":["GET"]}}],"collection":[{"href":"https:\/\/domiberica.international\/es\/wp-json\/wp\/v2\/product"}],"about":[{"href":"https:\/\/domiberica.international\/es\/wp-json\/wp\/v2\/types\/product"}],"version-history":[{"count":0,"href":"https:\/\/domiberica.international\/es\/wp-json\/wp\/v2\/product\/1539\/revisions"}],"wp:featuredmedia":[{"embeddable":true,"href":"https:\/\/domiberica.international\/es\/wp-json\/wp\/v2\/media\/1187"}],"wp:attachment":[{"href":"https:\/\/domiberica.international\/es\/wp-json\/wp\/v2\/media?parent=1539"}],"wp:term":[{"taxonomy":"product_brand","embeddable":true,"href":"https:\/\/domiberica.international\/es\/wp-json\/wp\/v2\/product_brand?post=1539"},{"taxonomy":"product_cat","embeddable":true,"href":"https:\/\/domiberica.international\/es\/wp-json\/wp\/v2\/product_cat?post=1539"},{"taxonomy":"product_tag","embeddable":true,"href":"https:\/\/domiberica.international\/es\/wp-json\/wp\/v2\/product_tag?post=1539"}],"curies":[{"name":"wp","href":"https:\/\/api.w.org\/{rel}","templated":true}]}}