{"id":1544,"date":"2021-06-27T15:55:12","date_gmt":"2021-06-27T15:55:12","guid":{"rendered":"https:\/\/domiberica.international\/product\/crema-de-algas-anticelulitica"},"modified":"2021-06-27T15:55:12","modified_gmt":"2021-06-27T15:55:12","slug":"crema-de-algas-anticelulitica","status":"publish","type":"product","link":"https:\/\/domiberica.international\/es\/producto\/crema-de-algas-anticelulitica","title":{"rendered":"Crema de Algas Anticelul\u00edtica"},"content":{"rendered":"","protected":false},"excerpt":{"rendered":"<p>Se trata de una crema que combina la acci\u00f3n anticelul\u00edtica del Fucus Vesiculosus (alga) con una textura que facilita el masaje.<\/p>\n","protected":false},"featured_media":1168,"template":"","meta":[],"product_brand":[],"product_cat":[396,348,395,401,394],"product_tag":[441,488,479,493],"class_list":{"0":"post-1544","1":"product","2":"type-product","3":"status-publish","4":"has-post-thumbnail","6":"product_cat-corporal-es","7":"product_cat-cosmeticos","8":"product_cat-dbullon-es","9":"product_cat-reduccion","10":"product_cat-valquer-es","11":"product_tag-corporal-es","12":"product_tag-dbullon-es","13":"product_tag-reductor","14":"product_tag-valquer-es","16":"first","17":"instock","18":"shipping-taxable","19":"product-type-simple"},"_links":{"self":[{"href":"https:\/\/domiberica.international\/es\/wp-json\/wp\/v2\/product\/1544","targetHints":{"allow":["GET"]}}],"collection":[{"href":"https:\/\/domiberica.international\/es\/wp-json\/wp\/v2\/product"}],"about":[{"href":"https:\/\/domiberica.international\/es\/wp-json\/wp\/v2\/types\/product"}],"version-history":[{"count":0,"href":"https:\/\/domiberica.international\/es\/wp-json\/wp\/v2\/product\/1544\/revisions"}],"wp:featuredmedia":[{"embeddable":true,"href":"https:\/\/domiberica.international\/es\/wp-json\/wp\/v2\/media\/1168"}],"wp:attachment":[{"href":"https:\/\/domiberica.international\/es\/wp-json\/wp\/v2\/media?parent=1544"}],"wp:term":[{"taxonomy":"product_brand","embeddable":true,"href":"https:\/\/domiberica.international\/es\/wp-json\/wp\/v2\/product_brand?post=1544"},{"taxonomy":"product_cat","embeddable":true,"href":"https:\/\/domiberica.international\/es\/wp-json\/wp\/v2\/product_cat?post=1544"},{"taxonomy":"product_tag","embeddable":true,"href":"https:\/\/domiberica.international\/es\/wp-json\/wp\/v2\/product_tag?post=1544"}],"curies":[{"name":"wp","href":"https:\/\/api.w.org\/{rel}","templated":true}]}}