{"id":1545,"date":"2021-06-27T15:53:58","date_gmt":"2021-06-27T15:53:58","guid":{"rendered":"https:\/\/domiberica.international\/product\/crema-reafirmante-pequena"},"modified":"2021-06-27T15:53:58","modified_gmt":"2021-06-27T15:53:58","slug":"crema-reafirmante-pequena","status":"publish","type":"product","link":"https:\/\/domiberica.international\/es\/producto\/crema-reafirmante-pequena","title":{"rendered":"Crema Reafirmante Peque\u00f1a"},"content":{"rendered":"","protected":false},"excerpt":{"rendered":"<p>Su formulaci\u00f3n rica en productos nutritivos, la acci\u00f3n reestructurante del col\u00e1geno y la elastina (principales prote\u00ednas estructurales de la dermis), y la acci\u00f3n reafirmante del extracto de soja hacen que la Crema Reafirmante proporcione a la piel una textura y firmeza naturales.<\/p>\n","protected":false},"featured_media":1186,"template":"","meta":[],"product_brand":[],"product_cat":[396,348,395,400,394],"product_tag":[441,488,486,493],"class_list":{"0":"post-1545","1":"product","2":"type-product","3":"status-publish","4":"has-post-thumbnail","6":"product_cat-corporal-es","7":"product_cat-cosmeticos","8":"product_cat-dbullon-es","9":"product_cat-reafirmante","10":"product_cat-valquer-es","11":"product_tag-corporal-es","12":"product_tag-dbullon-es","13":"product_tag-reafirmante","14":"product_tag-valquer-es","16":"first","17":"instock","18":"shipping-taxable","19":"product-type-simple"},"_links":{"self":[{"href":"https:\/\/domiberica.international\/es\/wp-json\/wp\/v2\/product\/1545","targetHints":{"allow":["GET"]}}],"collection":[{"href":"https:\/\/domiberica.international\/es\/wp-json\/wp\/v2\/product"}],"about":[{"href":"https:\/\/domiberica.international\/es\/wp-json\/wp\/v2\/types\/product"}],"version-history":[{"count":0,"href":"https:\/\/domiberica.international\/es\/wp-json\/wp\/v2\/product\/1545\/revisions"}],"wp:featuredmedia":[{"embeddable":true,"href":"https:\/\/domiberica.international\/es\/wp-json\/wp\/v2\/media\/1186"}],"wp:attachment":[{"href":"https:\/\/domiberica.international\/es\/wp-json\/wp\/v2\/media?parent=1545"}],"wp:term":[{"taxonomy":"product_brand","embeddable":true,"href":"https:\/\/domiberica.international\/es\/wp-json\/wp\/v2\/product_brand?post=1545"},{"taxonomy":"product_cat","embeddable":true,"href":"https:\/\/domiberica.international\/es\/wp-json\/wp\/v2\/product_cat?post=1545"},{"taxonomy":"product_tag","embeddable":true,"href":"https:\/\/domiberica.international\/es\/wp-json\/wp\/v2\/product_tag?post=1545"}],"curies":[{"name":"wp","href":"https:\/\/api.w.org\/{rel}","templated":true}]}}