{"id":1547,"date":"2021-06-27T15:49:38","date_gmt":"2021-06-27T15:49:38","guid":{"rendered":"https:\/\/domiberica.international\/product\/crema-reafirmante-medium"},"modified":"2021-06-27T15:49:38","modified_gmt":"2021-06-27T15:49:38","slug":"crema-reafirmante-medium","status":"publish","type":"product","link":"https:\/\/domiberica.international\/es\/producto\/crema-reafirmante-medium","title":{"rendered":"Crema Reafirmante Medium"},"content":{"rendered":"","protected":false},"excerpt":{"rendered":"<p>Su formulaci\u00f3n rica en productos nutritivos, la acci\u00f3n reestructurante del col\u00e1geno y la elastina (principales prote\u00ednas estructurales de la dermis), y la acci\u00f3n reafirmante del extracto de soja hacen que la Crema Reafirmante proporcione a la piel una textura y firmeza naturales.<\/p>\n","protected":false},"featured_media":1167,"template":"","meta":[],"product_brand":[],"product_cat":[396,348,395,400,394],"product_tag":[441,488,486,493],"class_list":{"0":"post-1547","1":"product","2":"type-product","3":"status-publish","4":"has-post-thumbnail","6":"product_cat-corporal-es","7":"product_cat-cosmeticos","8":"product_cat-dbullon-es","9":"product_cat-reafirmante","10":"product_cat-valquer-es","11":"product_tag-corporal-es","12":"product_tag-dbullon-es","13":"product_tag-reafirmante","14":"product_tag-valquer-es","16":"first","17":"instock","18":"shipping-taxable","19":"product-type-simple"},"_links":{"self":[{"href":"https:\/\/domiberica.international\/es\/wp-json\/wp\/v2\/product\/1547","targetHints":{"allow":["GET"]}}],"collection":[{"href":"https:\/\/domiberica.international\/es\/wp-json\/wp\/v2\/product"}],"about":[{"href":"https:\/\/domiberica.international\/es\/wp-json\/wp\/v2\/types\/product"}],"version-history":[{"count":0,"href":"https:\/\/domiberica.international\/es\/wp-json\/wp\/v2\/product\/1547\/revisions"}],"wp:featuredmedia":[{"embeddable":true,"href":"https:\/\/domiberica.international\/es\/wp-json\/wp\/v2\/media\/1167"}],"wp:attachment":[{"href":"https:\/\/domiberica.international\/es\/wp-json\/wp\/v2\/media?parent=1547"}],"wp:term":[{"taxonomy":"product_brand","embeddable":true,"href":"https:\/\/domiberica.international\/es\/wp-json\/wp\/v2\/product_brand?post=1547"},{"taxonomy":"product_cat","embeddable":true,"href":"https:\/\/domiberica.international\/es\/wp-json\/wp\/v2\/product_cat?post=1547"},{"taxonomy":"product_tag","embeddable":true,"href":"https:\/\/domiberica.international\/es\/wp-json\/wp\/v2\/product_tag?post=1547"}],"curies":[{"name":"wp","href":"https:\/\/api.w.org\/{rel}","templated":true}]}}