{"id":1557,"date":"2021-06-24T15:35:45","date_gmt":"2021-06-24T15:35:45","guid":{"rendered":"https:\/\/domiberica.international\/product\/crema-de-manos"},"modified":"2021-06-24T15:35:45","modified_gmt":"2021-06-24T15:35:45","slug":"crema-de-manos","status":"publish","type":"product","link":"https:\/\/domiberica.international\/es\/producto\/crema-de-manos","title":{"rendered":"Crema de Manos"},"content":{"rendered":"","protected":false},"excerpt":{"rendered":"<p>Es una crema de manos que combina la nutrici\u00f3n y la reparaci\u00f3n de la queratina y el aceite de arg\u00e1n con un sorprendente perfume.<\/p>\n","protected":false},"featured_media":1155,"template":"","meta":[],"product_brand":[],"product_cat":[348,349,355,394],"product_tag":[442,434,493],"class_list":{"0":"post-1557","1":"product","2":"type-product","3":"status-publish","4":"has-post-thumbnail","6":"product_cat-cosmeticos","7":"product_cat-crema","8":"product_cat-cuidado-corporal","9":"product_cat-valquer-es","10":"product_tag-crema","11":"product_tag-cuidado-corporal","12":"product_tag-valquer-es","14":"first","15":"instock","16":"shipping-taxable","17":"product-type-simple"},"_links":{"self":[{"href":"https:\/\/domiberica.international\/es\/wp-json\/wp\/v2\/product\/1557","targetHints":{"allow":["GET"]}}],"collection":[{"href":"https:\/\/domiberica.international\/es\/wp-json\/wp\/v2\/product"}],"about":[{"href":"https:\/\/domiberica.international\/es\/wp-json\/wp\/v2\/types\/product"}],"version-history":[{"count":0,"href":"https:\/\/domiberica.international\/es\/wp-json\/wp\/v2\/product\/1557\/revisions"}],"wp:featuredmedia":[{"embeddable":true,"href":"https:\/\/domiberica.international\/es\/wp-json\/wp\/v2\/media\/1155"}],"wp:attachment":[{"href":"https:\/\/domiberica.international\/es\/wp-json\/wp\/v2\/media?parent=1557"}],"wp:term":[{"taxonomy":"product_brand","embeddable":true,"href":"https:\/\/domiberica.international\/es\/wp-json\/wp\/v2\/product_brand?post=1557"},{"taxonomy":"product_cat","embeddable":true,"href":"https:\/\/domiberica.international\/es\/wp-json\/wp\/v2\/product_cat?post=1557"},{"taxonomy":"product_tag","embeddable":true,"href":"https:\/\/domiberica.international\/es\/wp-json\/wp\/v2\/product_tag?post=1557"}],"curies":[{"name":"wp","href":"https:\/\/api.w.org\/{rel}","templated":true}]}}