{"id":1559,"date":"2021-06-24T16:09:23","date_gmt":"2021-06-24T16:09:23","guid":{"rendered":"https:\/\/domiberica.international\/product\/serum-reparador-de-manos"},"modified":"2021-06-24T16:09:23","modified_gmt":"2021-06-24T16:09:23","slug":"serum-reparador-de-manos","status":"publish","type":"product","link":"https:\/\/domiberica.international\/es\/producto\/serum-reparador-de-manos","title":{"rendered":"Serum Reparador de Manos"},"content":{"rendered":"","protected":false},"excerpt":{"rendered":"<p>\u00c1cido hialur\u00f3nico, jojoba y vitamina E.<\/p>\n<p>Este sedoso s\u00e9rum es el m\u00e1s potente c\u00f3ctel de propiedades antienvejecimiento, hidratantes y reparadoras.<\/p>\n<p>Especialmente desarrollado para las manos fritas e irritadas.<\/p>\n","protected":false},"featured_media":1161,"template":"","meta":[],"product_brand":[],"product_cat":[348,355,354,394],"product_tag":[434,483,493],"class_list":{"0":"post-1559","1":"product","2":"type-product","3":"status-publish","4":"has-post-thumbnail","6":"product_cat-cosmeticos","7":"product_cat-cuidado-corporal","8":"product_cat-suero","9":"product_cat-valquer-es","10":"product_tag-cuidado-corporal","11":"product_tag-suero","12":"product_tag-valquer-es","14":"first","15":"instock","16":"shipping-taxable","17":"product-type-simple"},"_links":{"self":[{"href":"https:\/\/domiberica.international\/es\/wp-json\/wp\/v2\/product\/1559","targetHints":{"allow":["GET"]}}],"collection":[{"href":"https:\/\/domiberica.international\/es\/wp-json\/wp\/v2\/product"}],"about":[{"href":"https:\/\/domiberica.international\/es\/wp-json\/wp\/v2\/types\/product"}],"version-history":[{"count":0,"href":"https:\/\/domiberica.international\/es\/wp-json\/wp\/v2\/product\/1559\/revisions"}],"wp:featuredmedia":[{"embeddable":true,"href":"https:\/\/domiberica.international\/es\/wp-json\/wp\/v2\/media\/1161"}],"wp:attachment":[{"href":"https:\/\/domiberica.international\/es\/wp-json\/wp\/v2\/media?parent=1559"}],"wp:term":[{"taxonomy":"product_brand","embeddable":true,"href":"https:\/\/domiberica.international\/es\/wp-json\/wp\/v2\/product_brand?post=1559"},{"taxonomy":"product_cat","embeddable":true,"href":"https:\/\/domiberica.international\/es\/wp-json\/wp\/v2\/product_cat?post=1559"},{"taxonomy":"product_tag","embeddable":true,"href":"https:\/\/domiberica.international\/es\/wp-json\/wp\/v2\/product_tag?post=1559"}],"curies":[{"name":"wp","href":"https:\/\/api.w.org\/{rel}","templated":true}]}}