{"id":1566,"date":"2021-06-24T16:01:40","date_gmt":"2021-06-24T16:01:40","guid":{"rendered":"https:\/\/domiberica.international\/product\/gel-higienizante-de-manos"},"modified":"2021-06-24T16:01:40","modified_gmt":"2021-06-24T16:01:40","slug":"gel-higienizante-de-manos","status":"publish","type":"product","link":"https:\/\/domiberica.international\/es\/producto\/gel-higienizante-de-manos","title":{"rendered":"Gel Higienizante de Manos"},"content":{"rendered":"","protected":false},"excerpt":{"rendered":"<p>El gel desinfectante para manos es un limpiador hidroalcoh\u00f3lico ideal.<\/p>\n<p>Formulado con aloe vera y jojoba org\u00e1nicos, que mejoran la hidrataci\u00f3n y la suavidad de las manos, manteni\u00e9ndolas sanas, seguras y protegidas.<\/p>\n","protected":false},"featured_media":1158,"template":"","meta":[],"product_brand":[],"product_cat":[348,355,368,394],"product_tag":[434,487,493],"class_list":{"0":"post-1566","1":"product","2":"type-product","3":"status-publish","4":"has-post-thumbnail","6":"product_cat-cosmeticos","7":"product_cat-cuidado-corporal","8":"product_cat-desinfectante","9":"product_cat-valquer-es","10":"product_tag-cuidado-corporal","11":"product_tag-desinfectante","12":"product_tag-valquer-es","14":"first","15":"instock","16":"shipping-taxable","17":"product-type-simple"},"_links":{"self":[{"href":"https:\/\/domiberica.international\/es\/wp-json\/wp\/v2\/product\/1566","targetHints":{"allow":["GET"]}}],"collection":[{"href":"https:\/\/domiberica.international\/es\/wp-json\/wp\/v2\/product"}],"about":[{"href":"https:\/\/domiberica.international\/es\/wp-json\/wp\/v2\/types\/product"}],"version-history":[{"count":0,"href":"https:\/\/domiberica.international\/es\/wp-json\/wp\/v2\/product\/1566\/revisions"}],"wp:featuredmedia":[{"embeddable":true,"href":"https:\/\/domiberica.international\/es\/wp-json\/wp\/v2\/media\/1158"}],"wp:attachment":[{"href":"https:\/\/domiberica.international\/es\/wp-json\/wp\/v2\/media?parent=1566"}],"wp:term":[{"taxonomy":"product_brand","embeddable":true,"href":"https:\/\/domiberica.international\/es\/wp-json\/wp\/v2\/product_brand?post=1566"},{"taxonomy":"product_cat","embeddable":true,"href":"https:\/\/domiberica.international\/es\/wp-json\/wp\/v2\/product_cat?post=1566"},{"taxonomy":"product_tag","embeddable":true,"href":"https:\/\/domiberica.international\/es\/wp-json\/wp\/v2\/product_tag?post=1566"}],"curies":[{"name":"wp","href":"https:\/\/api.w.org\/{rel}","templated":true}]}}