{"id":1575,"date":"2021-06-23T23:26:03","date_gmt":"2021-06-23T23:26:03","guid":{"rendered":"https:\/\/domiberica.international\/product\/champu-reparacion-total"},"modified":"2021-06-23T23:26:03","modified_gmt":"2021-06-23T23:26:03","slug":"champu-reparacion-total","status":"publish","type":"product","link":"https:\/\/domiberica.international\/es\/producto\/champu-reparacion-total","title":{"rendered":"Champ\u00fa Reparaci\u00f3n Total"},"content":{"rendered":"","protected":false},"excerpt":{"rendered":"<p>Exquisita selecci\u00f3n de c\u00e1psulas de caviar griego y algod\u00f3n integradas en una delicada y exclusiva f\u00f3rmula para restaurar la salud del cabello.<\/p>\n","protected":false},"featured_media":1148,"template":"","meta":[],"product_brand":[],"product_cat":[370,348,358,377,394],"product_tag":[484,460,493],"class_list":{"0":"post-1575","1":"product","2":"type-product","3":"status-publish","4":"has-post-thumbnail","6":"product_cat-champu","7":"product_cat-cosmeticos","8":"product_cat-cuidado-capilar","9":"product_cat-reparacion-total","10":"product_cat-valquer-es","11":"product_tag-champu","12":"product_tag-cuidado-del-cabello","13":"product_tag-valquer-es","15":"first","16":"instock","17":"shipping-taxable","18":"product-type-simple"},"_links":{"self":[{"href":"https:\/\/domiberica.international\/es\/wp-json\/wp\/v2\/product\/1575","targetHints":{"allow":["GET"]}}],"collection":[{"href":"https:\/\/domiberica.international\/es\/wp-json\/wp\/v2\/product"}],"about":[{"href":"https:\/\/domiberica.international\/es\/wp-json\/wp\/v2\/types\/product"}],"version-history":[{"count":0,"href":"https:\/\/domiberica.international\/es\/wp-json\/wp\/v2\/product\/1575\/revisions"}],"wp:featuredmedia":[{"embeddable":true,"href":"https:\/\/domiberica.international\/es\/wp-json\/wp\/v2\/media\/1148"}],"wp:attachment":[{"href":"https:\/\/domiberica.international\/es\/wp-json\/wp\/v2\/media?parent=1575"}],"wp:term":[{"taxonomy":"product_brand","embeddable":true,"href":"https:\/\/domiberica.international\/es\/wp-json\/wp\/v2\/product_brand?post=1575"},{"taxonomy":"product_cat","embeddable":true,"href":"https:\/\/domiberica.international\/es\/wp-json\/wp\/v2\/product_cat?post=1575"},{"taxonomy":"product_tag","embeddable":true,"href":"https:\/\/domiberica.international\/es\/wp-json\/wp\/v2\/product_tag?post=1575"}],"curies":[{"name":"wp","href":"https:\/\/api.w.org\/{rel}","templated":true}]}}