{"id":1577,"date":"2021-06-23T23:22:35","date_gmt":"2021-06-23T23:22:35","guid":{"rendered":"https:\/\/domiberica.international\/product\/champu-ph-neutro"},"modified":"2021-06-23T23:22:35","modified_gmt":"2021-06-23T23:22:35","slug":"champu-ph-neutro","status":"publish","type":"product","link":"https:\/\/domiberica.international\/es\/producto\/champu-ph-neutro","title":{"rendered":"Champ\u00fa pH Neutro"},"content":{"rendered":"","protected":false},"excerpt":{"rendered":"<p>Champ\u00fa con provitamina B5 (pantenol) que revitaliza el cabello y lo mantiene limpio, hidratado y sano desde la ra\u00edz hasta las puntas.<\/p>\n<p>Su pH neutro proporciona el equilibrio perfecto que necesita el cabello.<\/p>\n","protected":false},"featured_media":1147,"template":"","meta":[],"product_brand":[],"product_cat":[370,348,358,394],"product_tag":[484,460,493],"class_list":{"0":"post-1577","1":"product","2":"type-product","3":"status-publish","4":"has-post-thumbnail","6":"product_cat-champu","7":"product_cat-cosmeticos","8":"product_cat-cuidado-capilar","9":"product_cat-valquer-es","10":"product_tag-champu","11":"product_tag-cuidado-del-cabello","12":"product_tag-valquer-es","14":"first","15":"instock","16":"shipping-taxable","17":"product-type-simple"},"_links":{"self":[{"href":"https:\/\/domiberica.international\/es\/wp-json\/wp\/v2\/product\/1577","targetHints":{"allow":["GET"]}}],"collection":[{"href":"https:\/\/domiberica.international\/es\/wp-json\/wp\/v2\/product"}],"about":[{"href":"https:\/\/domiberica.international\/es\/wp-json\/wp\/v2\/types\/product"}],"version-history":[{"count":0,"href":"https:\/\/domiberica.international\/es\/wp-json\/wp\/v2\/product\/1577\/revisions"}],"wp:featuredmedia":[{"embeddable":true,"href":"https:\/\/domiberica.international\/es\/wp-json\/wp\/v2\/media\/1147"}],"wp:attachment":[{"href":"https:\/\/domiberica.international\/es\/wp-json\/wp\/v2\/media?parent=1577"}],"wp:term":[{"taxonomy":"product_brand","embeddable":true,"href":"https:\/\/domiberica.international\/es\/wp-json\/wp\/v2\/product_brand?post=1577"},{"taxonomy":"product_cat","embeddable":true,"href":"https:\/\/domiberica.international\/es\/wp-json\/wp\/v2\/product_cat?post=1577"},{"taxonomy":"product_tag","embeddable":true,"href":"https:\/\/domiberica.international\/es\/wp-json\/wp\/v2\/product_tag?post=1577"}],"curies":[{"name":"wp","href":"https:\/\/api.w.org\/{rel}","templated":true}]}}