{"id":1579,"date":"2021-06-23T23:08:18","date_gmt":"2021-06-23T23:08:18","guid":{"rendered":"https:\/\/domiberica.international\/product\/champu-anticaida-stop-loss"},"modified":"2021-06-23T23:08:18","modified_gmt":"2021-06-23T23:08:18","slug":"champu-anticaida-stop-loss","status":"publish","type":"product","link":"https:\/\/domiberica.international\/es\/producto\/champu-anticaida-stop-loss","title":{"rendered":"Champ\u00fa Antica\u00edda Stop Loss"},"content":{"rendered":"","protected":false},"excerpt":{"rendered":"<p>La extraordinaria fusi\u00f3n multivitam\u00ednica \u00abTheraViTx5\u00bb, con su poder energizante, devuelve el grosor del cabello a su n\u00facleo vital, haciendo que su cabello cobre vida.<\/p>\n","protected":false},"featured_media":1144,"template":"","meta":[],"product_brand":[],"product_cat":[370,348,358,378,394],"product_tag":[484,460,493],"class_list":{"0":"post-1579","1":"product","2":"type-product","3":"status-publish","4":"has-post-thumbnail","6":"product_cat-champu","7":"product_cat-cosmeticos","8":"product_cat-cuidado-capilar","9":"product_cat-detener-caida","10":"product_cat-valquer-es","11":"product_tag-champu","12":"product_tag-cuidado-del-cabello","13":"product_tag-valquer-es","15":"first","16":"instock","17":"shipping-taxable","18":"product-type-simple"},"_links":{"self":[{"href":"https:\/\/domiberica.international\/es\/wp-json\/wp\/v2\/product\/1579","targetHints":{"allow":["GET"]}}],"collection":[{"href":"https:\/\/domiberica.international\/es\/wp-json\/wp\/v2\/product"}],"about":[{"href":"https:\/\/domiberica.international\/es\/wp-json\/wp\/v2\/types\/product"}],"version-history":[{"count":0,"href":"https:\/\/domiberica.international\/es\/wp-json\/wp\/v2\/product\/1579\/revisions"}],"wp:featuredmedia":[{"embeddable":true,"href":"https:\/\/domiberica.international\/es\/wp-json\/wp\/v2\/media\/1144"}],"wp:attachment":[{"href":"https:\/\/domiberica.international\/es\/wp-json\/wp\/v2\/media?parent=1579"}],"wp:term":[{"taxonomy":"product_brand","embeddable":true,"href":"https:\/\/domiberica.international\/es\/wp-json\/wp\/v2\/product_brand?post=1579"},{"taxonomy":"product_cat","embeddable":true,"href":"https:\/\/domiberica.international\/es\/wp-json\/wp\/v2\/product_cat?post=1579"},{"taxonomy":"product_tag","embeddable":true,"href":"https:\/\/domiberica.international\/es\/wp-json\/wp\/v2\/product_tag?post=1579"}],"curies":[{"name":"wp","href":"https:\/\/api.w.org\/{rel}","templated":true}]}}