{"id":1581,"date":"2021-06-23T23:19:33","date_gmt":"2021-06-23T23:19:33","guid":{"rendered":"https:\/\/domiberica.international\/product\/champu-mojito-sin-sal"},"modified":"2022-08-22T21:31:05","modified_gmt":"2022-08-22T21:31:05","slug":"champu-mojito-sin-sal","status":"publish","type":"product","link":"https:\/\/domiberica.international\/es\/producto\/champu-mojito-sin-sal","title":{"rendered":"Champ\u00fa Mojito sin Sal"},"content":{"rendered":"","protected":false},"excerpt":{"rendered":"<p>Es un champ\u00fa con un perfume ex\u00f3tico y diferente con f\u00f3rmula sin sal y enriquecido con pro-vitamina B5 que lava el cabello en profundidad minimizando el efecto de irritaci\u00f3n en la piel de las manos.<\/p>\n","protected":false},"featured_media":1146,"template":"","meta":[],"product_brand":[],"product_cat":[370,348,358,394],"product_tag":[484,460,493],"class_list":{"0":"post-1581","1":"product","2":"type-product","3":"status-publish","4":"has-post-thumbnail","6":"product_cat-champu","7":"product_cat-cosmeticos","8":"product_cat-cuidado-capilar","9":"product_cat-valquer-es","10":"product_tag-champu","11":"product_tag-cuidado-del-cabello","12":"product_tag-valquer-es","14":"first","15":"instock","16":"shipping-taxable","17":"product-type-simple"},"_links":{"self":[{"href":"https:\/\/domiberica.international\/es\/wp-json\/wp\/v2\/product\/1581","targetHints":{"allow":["GET"]}}],"collection":[{"href":"https:\/\/domiberica.international\/es\/wp-json\/wp\/v2\/product"}],"about":[{"href":"https:\/\/domiberica.international\/es\/wp-json\/wp\/v2\/types\/product"}],"version-history":[{"count":1,"href":"https:\/\/domiberica.international\/es\/wp-json\/wp\/v2\/product\/1581\/revisions"}],"predecessor-version":[{"id":1583,"href":"https:\/\/domiberica.international\/es\/wp-json\/wp\/v2\/product\/1581\/revisions\/1583"}],"wp:featuredmedia":[{"embeddable":true,"href":"https:\/\/domiberica.international\/es\/wp-json\/wp\/v2\/media\/1146"}],"wp:attachment":[{"href":"https:\/\/domiberica.international\/es\/wp-json\/wp\/v2\/media?parent=1581"}],"wp:term":[{"taxonomy":"product_brand","embeddable":true,"href":"https:\/\/domiberica.international\/es\/wp-json\/wp\/v2\/product_brand?post=1581"},{"taxonomy":"product_cat","embeddable":true,"href":"https:\/\/domiberica.international\/es\/wp-json\/wp\/v2\/product_cat?post=1581"},{"taxonomy":"product_tag","embeddable":true,"href":"https:\/\/domiberica.international\/es\/wp-json\/wp\/v2\/product_tag?post=1581"}],"curies":[{"name":"wp","href":"https:\/\/api.w.org\/{rel}","templated":true}]}}