{"id":1592,"date":"2021-06-23T23:59:34","date_gmt":"2021-06-23T23:59:34","guid":{"rendered":"https:\/\/domiberica.international\/product\/cera-mate-normal-fuerte"},"modified":"2021-06-23T23:59:34","modified_gmt":"2021-06-23T23:59:34","slug":"cera-mate-normal-fuerte","status":"publish","type":"product","link":"https:\/\/domiberica.international\/es\/producto\/cera-mate-normal-fuerte","title":{"rendered":"Cera Mate Normal Fuerte"},"content":{"rendered":"","protected":false},"excerpt":{"rendered":"<p>Es una cera capilar de fijaci\u00f3n con acabado mate y una textura muy fundente para facilitar su aplicaci\u00f3n.<\/p>\n<p>Define el peinado, controlando el cabello de forma natural y aportando brillo y textura.<\/p>\n<p>Tambi\u00e9n ejerce una acci\u00f3n protectora sobre la fibra capilar contra la radiaci\u00f3n UV del sol.<\/p>\n","protected":false},"featured_media":1154,"template":"","meta":[],"product_brand":[],"product_cat":[384,348,358,394],"product_tag":[489,460,493],"class_list":{"0":"post-1592","1":"product","2":"type-product","3":"status-publish","4":"has-post-thumbnail","6":"product_cat-cera","7":"product_cat-cosmeticos","8":"product_cat-cuidado-capilar","9":"product_cat-valquer-es","10":"product_tag-cera","11":"product_tag-cuidado-del-cabello","12":"product_tag-valquer-es","14":"first","15":"instock","16":"shipping-taxable","17":"product-type-simple"},"_links":{"self":[{"href":"https:\/\/domiberica.international\/es\/wp-json\/wp\/v2\/product\/1592","targetHints":{"allow":["GET"]}}],"collection":[{"href":"https:\/\/domiberica.international\/es\/wp-json\/wp\/v2\/product"}],"about":[{"href":"https:\/\/domiberica.international\/es\/wp-json\/wp\/v2\/types\/product"}],"version-history":[{"count":0,"href":"https:\/\/domiberica.international\/es\/wp-json\/wp\/v2\/product\/1592\/revisions"}],"wp:featuredmedia":[{"embeddable":true,"href":"https:\/\/domiberica.international\/es\/wp-json\/wp\/v2\/media\/1154"}],"wp:attachment":[{"href":"https:\/\/domiberica.international\/es\/wp-json\/wp\/v2\/media?parent=1592"}],"wp:term":[{"taxonomy":"product_brand","embeddable":true,"href":"https:\/\/domiberica.international\/es\/wp-json\/wp\/v2\/product_brand?post=1592"},{"taxonomy":"product_cat","embeddable":true,"href":"https:\/\/domiberica.international\/es\/wp-json\/wp\/v2\/product_cat?post=1592"},{"taxonomy":"product_tag","embeddable":true,"href":"https:\/\/domiberica.international\/es\/wp-json\/wp\/v2\/product_tag?post=1592"}],"curies":[{"name":"wp","href":"https:\/\/api.w.org\/{rel}","templated":true}]}}