{"id":1599,"date":"2021-06-23T23:41:26","date_gmt":"2021-06-23T23:41:26","guid":{"rendered":"https:\/\/domiberica.international\/product\/tratamiento-alisado-frances"},"modified":"2021-06-23T23:41:26","modified_gmt":"2021-06-23T23:41:26","slug":"tratamiento-alisado-frances","status":"publish","type":"product","link":"https:\/\/domiberica.international\/es\/producto\/tratamiento-alisado-frances","title":{"rendered":"Tratamiento Alisado Franc\u00e9s"},"content":{"rendered":"","protected":false},"excerpt":{"rendered":"<p>Tratamiento de vanguardia que utiliza una tecnolog\u00eda innovadora para mantener el cabello liso de 4 a 6 meses. S\u00f3lo necesitar\u00e1s 5 minutos de peinado con el secador para mantenerlo.<\/p>\n<p>Con el alisado franc\u00e9s, conseguir\u00e1s un volumen controlado sin encrespamiento. Es un tratamiento termodin\u00e1mico que no da\u00f1a la estructura de la fibra capilar.<\/p>\n<p>Adem\u00e1s, no interfiere con los procesos de coloraci\u00f3n, por lo que puedes te\u00f1irte el pelo antes o despu\u00e9s de este tratamiento sin da\u00f1ar los resultados.<\/p>\n<p>El alisado franc\u00e9s incluye en su f\u00f3rmula ingredientes naturales, como agua purificada, queratina natural y \u00e1cido hialur\u00f3nico, que aportan hidrataci\u00f3n, flexibilidad, facilidad de peinado sin apelmazar el cabello y un incre\u00edble brillo natural.<\/p>\n<p>Se realiza en la peluquer\u00eda y dura entre 2 y 4 horas, dependiendo de la longitud de tu cabello.<\/p>\n","protected":false},"featured_media":1151,"template":"","meta":[],"product_brand":[],"product_cat":[383,348,358,394],"product_tag":[495,460,493],"class_list":{"0":"post-1599","1":"product","2":"type-product","3":"status-publish","4":"has-post-thumbnail","6":"product_cat-alisamiento","7":"product_cat-cosmeticos","8":"product_cat-cuidado-capilar","9":"product_cat-valquer-es","10":"product_tag-alisante","11":"product_tag-cuidado-del-cabello","12":"product_tag-valquer-es","14":"first","15":"instock","16":"shipping-taxable","17":"product-type-simple"},"_links":{"self":[{"href":"https:\/\/domiberica.international\/es\/wp-json\/wp\/v2\/product\/1599","targetHints":{"allow":["GET"]}}],"collection":[{"href":"https:\/\/domiberica.international\/es\/wp-json\/wp\/v2\/product"}],"about":[{"href":"https:\/\/domiberica.international\/es\/wp-json\/wp\/v2\/types\/product"}],"version-history":[{"count":0,"href":"https:\/\/domiberica.international\/es\/wp-json\/wp\/v2\/product\/1599\/revisions"}],"wp:featuredmedia":[{"embeddable":true,"href":"https:\/\/domiberica.international\/es\/wp-json\/wp\/v2\/media\/1151"}],"wp:attachment":[{"href":"https:\/\/domiberica.international\/es\/wp-json\/wp\/v2\/media?parent=1599"}],"wp:term":[{"taxonomy":"product_brand","embeddable":true,"href":"https:\/\/domiberica.international\/es\/wp-json\/wp\/v2\/product_brand?post=1599"},{"taxonomy":"product_cat","embeddable":true,"href":"https:\/\/domiberica.international\/es\/wp-json\/wp\/v2\/product_cat?post=1599"},{"taxonomy":"product_tag","embeddable":true,"href":"https:\/\/domiberica.international\/es\/wp-json\/wp\/v2\/product_tag?post=1599"}],"curies":[{"name":"wp","href":"https:\/\/api.w.org\/{rel}","templated":true}]}}