{"id":1600,"date":"2021-06-23T22:32:03","date_gmt":"2021-06-23T22:32:03","guid":{"rendered":"https:\/\/domiberica.international\/product\/oxidante-premium-ultra-cremoso"},"modified":"2021-06-23T22:32:03","modified_gmt":"2021-06-23T22:32:03","slug":"oxidante-premium-ultra-cremoso","status":"publish","type":"product","link":"https:\/\/domiberica.international\/es\/producto\/oxidante-premium-ultra-cremoso","title":{"rendered":"Oxidante Premium Ultra-Cremoso"},"content":{"rendered":"","protected":false},"excerpt":{"rendered":"<p>Es una emulsi\u00f3n oxidante perfumada que refuerza el color cuando se mezcla con la crema colorante en los semipermanentes.<\/p>\n<p>Gracias a su textura ultra cremosa, rica en aceite de arg\u00e1n, el proceso de coloraci\u00f3n se produce de forma m\u00e1s suave y eficaz.<\/p>\n<p>Est\u00e1 formulado con agua de \u00f3smosis inversa (desionizada) y per\u00f3xido de hidr\u00f3geno.<\/p>\n","protected":false},"featured_media":1139,"template":"","meta":[],"product_brand":[],"product_cat":[348,358,365,394],"product_tag":[460,472,493],"class_list":{"0":"post-1600","1":"product","2":"type-product","3":"status-publish","4":"has-post-thumbnail","6":"product_cat-cosmeticos","7":"product_cat-cuidado-capilar","8":"product_cat-oxidante","9":"product_cat-valquer-es","10":"product_tag-cuidado-del-cabello","11":"product_tag-oxidante","12":"product_tag-valquer-es","14":"first","15":"instock","16":"shipping-taxable","17":"product-type-simple"},"_links":{"self":[{"href":"https:\/\/domiberica.international\/es\/wp-json\/wp\/v2\/product\/1600","targetHints":{"allow":["GET"]}}],"collection":[{"href":"https:\/\/domiberica.international\/es\/wp-json\/wp\/v2\/product"}],"about":[{"href":"https:\/\/domiberica.international\/es\/wp-json\/wp\/v2\/types\/product"}],"version-history":[{"count":0,"href":"https:\/\/domiberica.international\/es\/wp-json\/wp\/v2\/product\/1600\/revisions"}],"wp:featuredmedia":[{"embeddable":true,"href":"https:\/\/domiberica.international\/es\/wp-json\/wp\/v2\/media\/1139"}],"wp:attachment":[{"href":"https:\/\/domiberica.international\/es\/wp-json\/wp\/v2\/media?parent=1600"}],"wp:term":[{"taxonomy":"product_brand","embeddable":true,"href":"https:\/\/domiberica.international\/es\/wp-json\/wp\/v2\/product_brand?post=1600"},{"taxonomy":"product_cat","embeddable":true,"href":"https:\/\/domiberica.international\/es\/wp-json\/wp\/v2\/product_cat?post=1600"},{"taxonomy":"product_tag","embeddable":true,"href":"https:\/\/domiberica.international\/es\/wp-json\/wp\/v2\/product_tag?post=1600"}],"curies":[{"name":"wp","href":"https:\/\/api.w.org\/{rel}","templated":true}]}}