{"id":1601,"date":"2021-06-23T22:28:15","date_gmt":"2021-06-23T22:28:15","guid":{"rendered":"https:\/\/domiberica.international\/product\/oxidante-en-crema-30-vol-9"},"modified":"2021-06-23T22:28:15","modified_gmt":"2021-06-23T22:28:15","slug":"oxidante-en-crema-30-vol-9","status":"publish","type":"product","link":"https:\/\/domiberica.international\/es\/producto\/oxidante-en-crema-30-vol-9","title":{"rendered":"Oxidante en Crema 30 Vol 9%"},"content":{"rendered":"","protected":false},"excerpt":{"rendered":"<p>Esta emulsi\u00f3n oxidante con per\u00f3xido de hidr\u00f3geno desarrolla el color cuando se mezcla con crema colorante para coloraciones permanentes.<\/p>\n<p>Para la decoloraci\u00f3n del cabello, se mezcla con polvo decolorante.<\/p>\n","protected":false},"featured_media":1138,"template":"","meta":[],"product_brand":[],"product_cat":[348,358,365,394],"product_tag":[460,472,493],"class_list":{"0":"post-1601","1":"product","2":"type-product","3":"status-publish","4":"has-post-thumbnail","6":"product_cat-cosmeticos","7":"product_cat-cuidado-capilar","8":"product_cat-oxidante","9":"product_cat-valquer-es","10":"product_tag-cuidado-del-cabello","11":"product_tag-oxidante","12":"product_tag-valquer-es","14":"first","15":"instock","16":"shipping-taxable","17":"product-type-simple"},"_links":{"self":[{"href":"https:\/\/domiberica.international\/es\/wp-json\/wp\/v2\/product\/1601","targetHints":{"allow":["GET"]}}],"collection":[{"href":"https:\/\/domiberica.international\/es\/wp-json\/wp\/v2\/product"}],"about":[{"href":"https:\/\/domiberica.international\/es\/wp-json\/wp\/v2\/types\/product"}],"version-history":[{"count":0,"href":"https:\/\/domiberica.international\/es\/wp-json\/wp\/v2\/product\/1601\/revisions"}],"wp:featuredmedia":[{"embeddable":true,"href":"https:\/\/domiberica.international\/es\/wp-json\/wp\/v2\/media\/1138"}],"wp:attachment":[{"href":"https:\/\/domiberica.international\/es\/wp-json\/wp\/v2\/media?parent=1601"}],"wp:term":[{"taxonomy":"product_brand","embeddable":true,"href":"https:\/\/domiberica.international\/es\/wp-json\/wp\/v2\/product_brand?post=1601"},{"taxonomy":"product_cat","embeddable":true,"href":"https:\/\/domiberica.international\/es\/wp-json\/wp\/v2\/product_cat?post=1601"},{"taxonomy":"product_tag","embeddable":true,"href":"https:\/\/domiberica.international\/es\/wp-json\/wp\/v2\/product_tag?post=1601"}],"curies":[{"name":"wp","href":"https:\/\/api.w.org\/{rel}","templated":true}]}}