{"id":1619,"date":"2021-06-23T21:37:19","date_gmt":"2021-06-23T21:37:19","guid":{"rendered":"https:\/\/domiberica.international\/product\/acondicionador-bifasico-hidratante"},"modified":"2021-06-23T21:37:19","modified_gmt":"2021-06-23T21:37:19","slug":"acondicionador-bifasico-hidratante","status":"publish","type":"product","link":"https:\/\/domiberica.international\/es\/producto\/acondicionador-bifasico-hidratante","title":{"rendered":"Acondicionador Bif\u00e1sico Hidratante"},"content":{"rendered":"","protected":false},"excerpt":{"rendered":"<p>La dinamizaci\u00f3n del flujo de amino\u00e1cidos y la soja proporciona al cabello un mundo de sensaciones y relajaci\u00f3n.<\/p>\n","protected":false},"featured_media":1128,"template":"","meta":[],"product_brand":[],"product_cat":[360,348,358,394],"product_tag":[440,460,493],"class_list":{"0":"post-1619","1":"product","2":"type-product","3":"status-publish","4":"has-post-thumbnail","6":"product_cat-acondicionador","7":"product_cat-cosmeticos","8":"product_cat-cuidado-capilar","9":"product_cat-valquer-es","10":"product_tag-acondicionador","11":"product_tag-cuidado-del-cabello","12":"product_tag-valquer-es","14":"first","15":"instock","16":"shipping-taxable","17":"product-type-simple"},"_links":{"self":[{"href":"https:\/\/domiberica.international\/es\/wp-json\/wp\/v2\/product\/1619","targetHints":{"allow":["GET"]}}],"collection":[{"href":"https:\/\/domiberica.international\/es\/wp-json\/wp\/v2\/product"}],"about":[{"href":"https:\/\/domiberica.international\/es\/wp-json\/wp\/v2\/types\/product"}],"version-history":[{"count":0,"href":"https:\/\/domiberica.international\/es\/wp-json\/wp\/v2\/product\/1619\/revisions"}],"wp:featuredmedia":[{"embeddable":true,"href":"https:\/\/domiberica.international\/es\/wp-json\/wp\/v2\/media\/1128"}],"wp:attachment":[{"href":"https:\/\/domiberica.international\/es\/wp-json\/wp\/v2\/media?parent=1619"}],"wp:term":[{"taxonomy":"product_brand","embeddable":true,"href":"https:\/\/domiberica.international\/es\/wp-json\/wp\/v2\/product_brand?post=1619"},{"taxonomy":"product_cat","embeddable":true,"href":"https:\/\/domiberica.international\/es\/wp-json\/wp\/v2\/product_cat?post=1619"},{"taxonomy":"product_tag","embeddable":true,"href":"https:\/\/domiberica.international\/es\/wp-json\/wp\/v2\/product_tag?post=1619"}],"curies":[{"name":"wp","href":"https:\/\/api.w.org\/{rel}","templated":true}]}}