{"id":1620,"date":"2021-06-23T22:52:02","date_gmt":"2021-06-23T22:52:02","guid":{"rendered":"https:\/\/domiberica.international\/product\/serum-argan-oro-liquido"},"modified":"2021-06-23T22:52:02","modified_gmt":"2021-06-23T22:52:02","slug":"serum-argan-oro-liquido","status":"publish","type":"product","link":"https:\/\/domiberica.international\/es\/producto\/serum-argan-oro-liquido","title":{"rendered":"S\u00e9rum Arg\u00e1n Oro L\u00edquido"},"content":{"rendered":"","protected":false},"excerpt":{"rendered":"<p>Es un s\u00e9rum capilar rico en aceite de Arg\u00e1n que hidrata y nutre el cabello naturalmente muy seco y da\u00f1ado mejorando su elasticidad y aportando luminosidad y vitalidad.<\/p>\n","protected":false},"featured_media":1142,"template":"","meta":[],"product_brand":[],"product_cat":[348,358,369,394],"product_tag":[460,483,493],"class_list":{"0":"post-1620","1":"product","2":"type-product","3":"status-publish","4":"has-post-thumbnail","6":"product_cat-cosmeticos","7":"product_cat-cuidado-capilar","8":"product_cat-suero-es","9":"product_cat-valquer-es","10":"product_tag-cuidado-del-cabello","11":"product_tag-suero","12":"product_tag-valquer-es","14":"first","15":"instock","16":"shipping-taxable","17":"product-type-simple"},"_links":{"self":[{"href":"https:\/\/domiberica.international\/es\/wp-json\/wp\/v2\/product\/1620","targetHints":{"allow":["GET"]}}],"collection":[{"href":"https:\/\/domiberica.international\/es\/wp-json\/wp\/v2\/product"}],"about":[{"href":"https:\/\/domiberica.international\/es\/wp-json\/wp\/v2\/types\/product"}],"version-history":[{"count":0,"href":"https:\/\/domiberica.international\/es\/wp-json\/wp\/v2\/product\/1620\/revisions"}],"wp:featuredmedia":[{"embeddable":true,"href":"https:\/\/domiberica.international\/es\/wp-json\/wp\/v2\/media\/1142"}],"wp:attachment":[{"href":"https:\/\/domiberica.international\/es\/wp-json\/wp\/v2\/media?parent=1620"}],"wp:term":[{"taxonomy":"product_brand","embeddable":true,"href":"https:\/\/domiberica.international\/es\/wp-json\/wp\/v2\/product_brand?post=1620"},{"taxonomy":"product_cat","embeddable":true,"href":"https:\/\/domiberica.international\/es\/wp-json\/wp\/v2\/product_cat?post=1620"},{"taxonomy":"product_tag","embeddable":true,"href":"https:\/\/domiberica.international\/es\/wp-json\/wp\/v2\/product_tag?post=1620"}],"curies":[{"name":"wp","href":"https:\/\/api.w.org\/{rel}","templated":true}]}}