{"id":1621,"date":"2021-06-23T22:01:17","date_gmt":"2021-06-23T22:01:17","guid":{"rendered":"https:\/\/domiberica.international\/product\/keratina-pura-reparacion-total"},"modified":"2021-06-23T22:01:17","modified_gmt":"2021-06-23T22:01:17","slug":"keratina-pura-reparacion-total","status":"publish","type":"product","link":"https:\/\/domiberica.international\/es\/producto\/keratina-pura-reparacion-total","title":{"rendered":"Keratina Pura Reparaci\u00f3n Total"},"content":{"rendered":"","protected":false},"excerpt":{"rendered":"<p>Acci\u00f3n reparadora inmediata basada en la combinaci\u00f3n de queratina natural y Pro-Vitamina B-5 que devuelve la vida a su cabello.<\/p>\n","protected":false},"featured_media":1134,"template":"","meta":[],"product_brand":[],"product_cat":[348,358,363,394],"product_tag":[460,464,493],"class_list":{"0":"post-1621","1":"product","2":"type-product","3":"status-publish","4":"has-post-thumbnail","6":"product_cat-cosmeticos","7":"product_cat-cuidado-capilar","8":"product_cat-keratina","9":"product_cat-valquer-es","10":"product_tag-cuidado-del-cabello","11":"product_tag-keratina","12":"product_tag-valquer-es","14":"first","15":"instock","16":"shipping-taxable","17":"product-type-simple"},"_links":{"self":[{"href":"https:\/\/domiberica.international\/es\/wp-json\/wp\/v2\/product\/1621","targetHints":{"allow":["GET"]}}],"collection":[{"href":"https:\/\/domiberica.international\/es\/wp-json\/wp\/v2\/product"}],"about":[{"href":"https:\/\/domiberica.international\/es\/wp-json\/wp\/v2\/types\/product"}],"version-history":[{"count":0,"href":"https:\/\/domiberica.international\/es\/wp-json\/wp\/v2\/product\/1621\/revisions"}],"wp:featuredmedia":[{"embeddable":true,"href":"https:\/\/domiberica.international\/es\/wp-json\/wp\/v2\/media\/1134"}],"wp:attachment":[{"href":"https:\/\/domiberica.international\/es\/wp-json\/wp\/v2\/media?parent=1621"}],"wp:term":[{"taxonomy":"product_brand","embeddable":true,"href":"https:\/\/domiberica.international\/es\/wp-json\/wp\/v2\/product_brand?post=1621"},{"taxonomy":"product_cat","embeddable":true,"href":"https:\/\/domiberica.international\/es\/wp-json\/wp\/v2\/product_cat?post=1621"},{"taxonomy":"product_tag","embeddable":true,"href":"https:\/\/domiberica.international\/es\/wp-json\/wp\/v2\/product_tag?post=1621"}],"curies":[{"name":"wp","href":"https:\/\/api.w.org\/{rel}","templated":true}]}}