{"id":1626,"date":"2021-06-23T21:53:53","date_gmt":"2021-06-23T21:53:53","guid":{"rendered":"https:\/\/domiberica.international\/product\/champu-prolongador-del-alisado-de-keratina"},"modified":"2021-06-23T21:53:53","modified_gmt":"2021-06-23T21:53:53","slug":"champu-prolongador-del-alisado-de-keratina","status":"publish","type":"product","link":"https:\/\/domiberica.international\/es\/producto\/champu-prolongador-del-alisado-de-keratina","title":{"rendered":"Champ\u00fa Prolongador del Alisado de Keratina"},"content":{"rendered":"","protected":false},"excerpt":{"rendered":"<p>Champ\u00fa para cabellos tratados con queratina.<\/p>\n<p>Tiene una f\u00f3rmula especial con queratina natural y pH \u00e1cido, que cierra la cut\u00edcula, potenciando su efecto alisador y evitando el encrespamiento.<\/p>\n","protected":false},"featured_media":1133,"template":"","meta":[],"product_brand":[],"product_cat":[348,358,363,394],"product_tag":[460,464,493],"class_list":{"0":"post-1626","1":"product","2":"type-product","3":"status-publish","4":"has-post-thumbnail","6":"product_cat-cosmeticos","7":"product_cat-cuidado-capilar","8":"product_cat-keratina","9":"product_cat-valquer-es","10":"product_tag-cuidado-del-cabello","11":"product_tag-keratina","12":"product_tag-valquer-es","14":"first","15":"instock","16":"shipping-taxable","17":"product-type-simple"},"_links":{"self":[{"href":"https:\/\/domiberica.international\/es\/wp-json\/wp\/v2\/product\/1626","targetHints":{"allow":["GET"]}}],"collection":[{"href":"https:\/\/domiberica.international\/es\/wp-json\/wp\/v2\/product"}],"about":[{"href":"https:\/\/domiberica.international\/es\/wp-json\/wp\/v2\/types\/product"}],"version-history":[{"count":0,"href":"https:\/\/domiberica.international\/es\/wp-json\/wp\/v2\/product\/1626\/revisions"}],"wp:featuredmedia":[{"embeddable":true,"href":"https:\/\/domiberica.international\/es\/wp-json\/wp\/v2\/media\/1133"}],"wp:attachment":[{"href":"https:\/\/domiberica.international\/es\/wp-json\/wp\/v2\/media?parent=1626"}],"wp:term":[{"taxonomy":"product_brand","embeddable":true,"href":"https:\/\/domiberica.international\/es\/wp-json\/wp\/v2\/product_brand?post=1626"},{"taxonomy":"product_cat","embeddable":true,"href":"https:\/\/domiberica.international\/es\/wp-json\/wp\/v2\/product_cat?post=1626"},{"taxonomy":"product_tag","embeddable":true,"href":"https:\/\/domiberica.international\/es\/wp-json\/wp\/v2\/product_tag?post=1626"}],"curies":[{"name":"wp","href":"https:\/\/api.w.org\/{rel}","templated":true}]}}