{"id":1630,"date":"2021-06-22T01:44:16","date_gmt":"2021-06-22T01:44:16","guid":{"rendered":"https:\/\/domiberica.international\/product\/crema-colorante-profesional"},"modified":"2021-06-22T01:44:16","modified_gmt":"2021-06-22T01:44:16","slug":"crema-colorante-profesional","status":"publish","type":"product","link":"https:\/\/domiberica.international\/es\/producto\/crema-colorante-profesional","title":{"rendered":"Crema Colorante Profesional"},"content":{"rendered":"","protected":false},"excerpt":{"rendered":"<p>L\u00ednea de coloraci\u00f3n del cabello pionera y de vanguardia, que incorpora la tecnolog\u00eda VPlex.<\/p>\n<p>El activo VPlex contiene ciste\u00ednas en forma de d\u00edmero (cistina) que facilitan la formaci\u00f3n de puentes disulfuro y proporcionan una fuerza y vida extra al cabello, adem\u00e1s de realzar el color.<\/p>\n","protected":false},"featured_media":1125,"template":"","meta":[],"product_brand":[],"product_cat":[359,348,358,394],"product_tag":[438,460,493],"class_list":{"0":"post-1630","1":"product","2":"type-product","3":"status-publish","4":"has-post-thumbnail","6":"product_cat-color-es","7":"product_cat-cosmeticos","8":"product_cat-cuidado-capilar","9":"product_cat-valquer-es","10":"product_tag-color-es","11":"product_tag-cuidado-del-cabello","12":"product_tag-valquer-es","14":"first","15":"instock","16":"shipping-taxable","17":"product-type-simple"},"_links":{"self":[{"href":"https:\/\/domiberica.international\/es\/wp-json\/wp\/v2\/product\/1630","targetHints":{"allow":["GET"]}}],"collection":[{"href":"https:\/\/domiberica.international\/es\/wp-json\/wp\/v2\/product"}],"about":[{"href":"https:\/\/domiberica.international\/es\/wp-json\/wp\/v2\/types\/product"}],"version-history":[{"count":0,"href":"https:\/\/domiberica.international\/es\/wp-json\/wp\/v2\/product\/1630\/revisions"}],"wp:featuredmedia":[{"embeddable":true,"href":"https:\/\/domiberica.international\/es\/wp-json\/wp\/v2\/media\/1125"}],"wp:attachment":[{"href":"https:\/\/domiberica.international\/es\/wp-json\/wp\/v2\/media?parent=1630"}],"wp:term":[{"taxonomy":"product_brand","embeddable":true,"href":"https:\/\/domiberica.international\/es\/wp-json\/wp\/v2\/product_brand?post=1630"},{"taxonomy":"product_cat","embeddable":true,"href":"https:\/\/domiberica.international\/es\/wp-json\/wp\/v2\/product_cat?post=1630"},{"taxonomy":"product_tag","embeddable":true,"href":"https:\/\/domiberica.international\/es\/wp-json\/wp\/v2\/product_tag?post=1630"}],"curies":[{"name":"wp","href":"https:\/\/api.w.org\/{rel}","templated":true}]}}