{"id":1753,"date":"2022-08-24T17:46:54","date_gmt":"2022-08-24T17:46:54","guid":{"rendered":"https:\/\/domiberica.international\/product\/peeling-suave-en-gel"},"modified":"2022-08-24T17:46:54","modified_gmt":"2022-08-24T17:46:54","slug":"peeling-suave-en-gel","status":"publish","type":"product","link":"https:\/\/domiberica.international\/es\/producto\/peeling-suave-en-gel","title":{"rendered":"Peeling Suave en Gel"},"content":{"rendered":"","protected":false},"excerpt":{"rendered":"<p>Es un gel que por la acci\u00f3n mec\u00e1nica de los microgr\u00e1nulos que contiene consigue eliminar de la piel las c\u00e9lulas muertas e impurezas.<\/p>\n","protected":false},"featured_media":1172,"template":"","meta":[],"product_brand":[],"product_cat":[348,395,404,403,394],"product_tag":[488,447,453,493],"class_list":{"0":"post-1753","1":"product","2":"type-product","3":"status-publish","4":"has-post-thumbnail","6":"product_cat-cosmeticos","7":"product_cat-dbullon-es","8":"product_cat-depurador","9":"product_cat-rostro-es","10":"product_cat-valquer-es","11":"product_tag-dbullon-es","12":"product_tag-depurador","13":"product_tag-rostro-es","14":"product_tag-valquer-es","16":"first","17":"instock","18":"shipping-taxable","19":"product-type-simple"},"_links":{"self":[{"href":"https:\/\/domiberica.international\/es\/wp-json\/wp\/v2\/product\/1753","targetHints":{"allow":["GET"]}}],"collection":[{"href":"https:\/\/domiberica.international\/es\/wp-json\/wp\/v2\/product"}],"about":[{"href":"https:\/\/domiberica.international\/es\/wp-json\/wp\/v2\/types\/product"}],"version-history":[{"count":0,"href":"https:\/\/domiberica.international\/es\/wp-json\/wp\/v2\/product\/1753\/revisions"}],"wp:featuredmedia":[{"embeddable":true,"href":"https:\/\/domiberica.international\/es\/wp-json\/wp\/v2\/media\/1172"}],"wp:attachment":[{"href":"https:\/\/domiberica.international\/es\/wp-json\/wp\/v2\/media?parent=1753"}],"wp:term":[{"taxonomy":"product_brand","embeddable":true,"href":"https:\/\/domiberica.international\/es\/wp-json\/wp\/v2\/product_brand?post=1753"},{"taxonomy":"product_cat","embeddable":true,"href":"https:\/\/domiberica.international\/es\/wp-json\/wp\/v2\/product_cat?post=1753"},{"taxonomy":"product_tag","embeddable":true,"href":"https:\/\/domiberica.international\/es\/wp-json\/wp\/v2\/product_tag?post=1753"}],"curies":[{"name":"wp","href":"https:\/\/api.w.org\/{rel}","templated":true}]}}