{"id":1789,"date":"2022-08-25T03:25:14","date_gmt":"2022-08-25T03:25:14","guid":{"rendered":"https:\/\/domiberica.international\/product\/pasta-almendra-sopa"},"modified":"2022-08-25T03:38:17","modified_gmt":"2022-08-25T03:38:17","slug":"pasta-almendra-sopa","status":"publish","type":"product","link":"https:\/\/domiberica.international\/es\/producto\/pasta-almendra-sopa","title":{"rendered":"Pasta Almendra Sopa"},"content":{"rendered":"","protected":false},"excerpt":{"rendered":"<p>Porci\u00f3n de masa de mazap\u00e1n sin hornear destinado para la elaboraci\u00f3n de recetas caseras.<\/p>\n<p>&nbsp;<\/p>\n<p>&nbsp;<\/p>\n<p>&nbsp;<\/p>\n<p>&nbsp;<\/p>\n","protected":false},"featured_media":1790,"template":"","meta":[],"product_brand":[],"product_cat":[410,614,613,427],"product_tag":[632,634],"class_list":{"0":"post-1789","1":"product","2":"type-product","3":"status-publish","4":"has-post-thumbnail","6":"product_cat-alimentos","7":"product_cat-artesano","8":"product_cat-dulymaz-es","9":"product_cat-pasteleria","10":"product_tag-artesanal","11":"product_tag-dulymaz-es","13":"first","14":"instock","15":"shipping-taxable","16":"product-type-simple"},"_links":{"self":[{"href":"https:\/\/domiberica.international\/es\/wp-json\/wp\/v2\/product\/1789","targetHints":{"allow":["GET"]}}],"collection":[{"href":"https:\/\/domiberica.international\/es\/wp-json\/wp\/v2\/product"}],"about":[{"href":"https:\/\/domiberica.international\/es\/wp-json\/wp\/v2\/types\/product"}],"version-history":[{"count":2,"href":"https:\/\/domiberica.international\/es\/wp-json\/wp\/v2\/product\/1789\/revisions"}],"predecessor-version":[{"id":1799,"href":"https:\/\/domiberica.international\/es\/wp-json\/wp\/v2\/product\/1789\/revisions\/1799"}],"wp:featuredmedia":[{"embeddable":true,"href":"https:\/\/domiberica.international\/es\/wp-json\/wp\/v2\/media\/1790"}],"wp:attachment":[{"href":"https:\/\/domiberica.international\/es\/wp-json\/wp\/v2\/media?parent=1789"}],"wp:term":[{"taxonomy":"product_brand","embeddable":true,"href":"https:\/\/domiberica.international\/es\/wp-json\/wp\/v2\/product_brand?post=1789"},{"taxonomy":"product_cat","embeddable":true,"href":"https:\/\/domiberica.international\/es\/wp-json\/wp\/v2\/product_cat?post=1789"},{"taxonomy":"product_tag","embeddable":true,"href":"https:\/\/domiberica.international\/es\/wp-json\/wp\/v2\/product_tag?post=1789"}],"curies":[{"name":"wp","href":"https:\/\/api.w.org\/{rel}","templated":true}]}}