{"id":1903,"date":"2022-08-25T15:46:16","date_gmt":"2022-08-25T15:46:16","guid":{"rendered":"https:\/\/domiberica.international\/product\/empinonados"},"modified":"2022-08-25T15:46:16","modified_gmt":"2022-08-25T15:46:16","slug":"empinonados-2","status":"publish","type":"product","link":"https:\/\/domiberica.international\/es\/producto\/empinonados-2","title":{"rendered":"Empi\u00f1onados"},"content":{"rendered":"","protected":false},"excerpt":{"rendered":"<p>Bolas de mazap\u00e1n recubiertas de pi\u00f1ones.<\/p>\n<p>&nbsp;<\/p>\n<p>&nbsp;<\/p>\n<p>&nbsp;<\/p>\n<p>&nbsp;<\/p>\n","protected":false},"featured_media":1904,"template":"","meta":[],"product_brand":[],"product_cat":[410,613,618,427],"product_tag":[634,636],"class_list":{"0":"post-1903","1":"product","2":"type-product","3":"status-publish","4":"has-post-thumbnail","6":"product_cat-alimentos","7":"product_cat-dulymaz-es","8":"product_cat-mazapanes","9":"product_cat-pasteleria","10":"product_tag-dulymaz-es","11":"product_tag-mazapanes","13":"first","14":"instock","15":"shipping-taxable","16":"product-type-simple"},"_links":{"self":[{"href":"https:\/\/domiberica.international\/es\/wp-json\/wp\/v2\/product\/1903","targetHints":{"allow":["GET"]}}],"collection":[{"href":"https:\/\/domiberica.international\/es\/wp-json\/wp\/v2\/product"}],"about":[{"href":"https:\/\/domiberica.international\/es\/wp-json\/wp\/v2\/types\/product"}],"version-history":[{"count":0,"href":"https:\/\/domiberica.international\/es\/wp-json\/wp\/v2\/product\/1903\/revisions"}],"wp:featuredmedia":[{"embeddable":true,"href":"https:\/\/domiberica.international\/es\/wp-json\/wp\/v2\/media\/1904"}],"wp:attachment":[{"href":"https:\/\/domiberica.international\/es\/wp-json\/wp\/v2\/media?parent=1903"}],"wp:term":[{"taxonomy":"product_brand","embeddable":true,"href":"https:\/\/domiberica.international\/es\/wp-json\/wp\/v2\/product_brand?post=1903"},{"taxonomy":"product_cat","embeddable":true,"href":"https:\/\/domiberica.international\/es\/wp-json\/wp\/v2\/product_cat?post=1903"},{"taxonomy":"product_tag","embeddable":true,"href":"https:\/\/domiberica.international\/es\/wp-json\/wp\/v2\/product_tag?post=1903"}],"curies":[{"name":"wp","href":"https:\/\/api.w.org\/{rel}","templated":true}]}}