{"id":1935,"date":"2022-08-25T15:56:38","date_gmt":"2022-08-25T15:56:38","guid":{"rendered":"https:\/\/domiberica.international\/product\/pastel-de-gloria"},"modified":"2022-08-25T15:56:38","modified_gmt":"2022-08-25T15:56:38","slug":"pastel-de-gloria-2","status":"publish","type":"product","link":"https:\/\/domiberica.international\/es\/producto\/pastel-de-gloria-2","title":{"rendered":"Pastel de Gloria"},"content":{"rendered":"","protected":false},"excerpt":{"rendered":"<p>Peque\u00f1os pasteles de mazap\u00e1n rellenos de batata y cubiertos de una fina capa de az\u00facar y canela.<\/p>\n<p>&nbsp;<\/p>\n<p>&nbsp;<\/p>\n<p>&nbsp;<\/p>\n<p>&nbsp;<\/p>\n","protected":false},"featured_media":1936,"template":"","meta":[],"product_brand":[],"product_cat":[410,613,618,427],"product_tag":[634,636],"class_list":{"0":"post-1935","1":"product","2":"type-product","3":"status-publish","4":"has-post-thumbnail","6":"product_cat-alimentos","7":"product_cat-dulymaz-es","8":"product_cat-mazapanes","9":"product_cat-pasteleria","10":"product_tag-dulymaz-es","11":"product_tag-mazapanes","13":"first","14":"instock","15":"shipping-taxable","16":"product-type-simple"},"_links":{"self":[{"href":"https:\/\/domiberica.international\/es\/wp-json\/wp\/v2\/product\/1935","targetHints":{"allow":["GET"]}}],"collection":[{"href":"https:\/\/domiberica.international\/es\/wp-json\/wp\/v2\/product"}],"about":[{"href":"https:\/\/domiberica.international\/es\/wp-json\/wp\/v2\/types\/product"}],"version-history":[{"count":0,"href":"https:\/\/domiberica.international\/es\/wp-json\/wp\/v2\/product\/1935\/revisions"}],"wp:featuredmedia":[{"embeddable":true,"href":"https:\/\/domiberica.international\/es\/wp-json\/wp\/v2\/media\/1936"}],"wp:attachment":[{"href":"https:\/\/domiberica.international\/es\/wp-json\/wp\/v2\/media?parent=1935"}],"wp:term":[{"taxonomy":"product_brand","embeddable":true,"href":"https:\/\/domiberica.international\/es\/wp-json\/wp\/v2\/product_brand?post=1935"},{"taxonomy":"product_cat","embeddable":true,"href":"https:\/\/domiberica.international\/es\/wp-json\/wp\/v2\/product_cat?post=1935"},{"taxonomy":"product_tag","embeddable":true,"href":"https:\/\/domiberica.international\/es\/wp-json\/wp\/v2\/product_tag?post=1935"}],"curies":[{"name":"wp","href":"https:\/\/api.w.org\/{rel}","templated":true}]}}