{"id":1982,"date":"2022-08-25T16:13:35","date_gmt":"2022-08-25T16:13:35","guid":{"rendered":"https:\/\/domiberica.international\/product\/turron-duro-sin-azucar"},"modified":"2022-08-25T16:13:35","modified_gmt":"2022-08-25T16:13:35","slug":"turron-duro-sin-azucar","status":"publish","type":"product","link":"https:\/\/domiberica.international\/es\/producto\/turron-duro-sin-azucar","title":{"rendered":"Turr\u00f3n Duro Sin Az\u00facar"},"content":{"rendered":"","protected":false},"excerpt":{"rendered":"<p>Porciones de turr\u00f3n duro de almendras sin az\u00facares a\u00f1adidos.<\/p>\n<p>&nbsp;<\/p>\n<p>&nbsp;<\/p>\n<p>&nbsp;<\/p>\n<p>&nbsp;<\/p>\n","protected":false},"featured_media":1983,"template":"","meta":[],"product_brand":[],"product_cat":[410,613,427,619],"product_tag":[634,637],"class_list":{"0":"post-1982","1":"product","2":"type-product","3":"status-publish","4":"has-post-thumbnail","6":"product_cat-alimentos","7":"product_cat-dulymaz-es","8":"product_cat-pasteleria","9":"product_cat-sin-azucar-anadida","10":"product_tag-dulymaz-es","11":"product_tag-no-azucar-anadida","13":"first","14":"instock","15":"shipping-taxable","16":"product-type-simple"},"_links":{"self":[{"href":"https:\/\/domiberica.international\/es\/wp-json\/wp\/v2\/product\/1982","targetHints":{"allow":["GET"]}}],"collection":[{"href":"https:\/\/domiberica.international\/es\/wp-json\/wp\/v2\/product"}],"about":[{"href":"https:\/\/domiberica.international\/es\/wp-json\/wp\/v2\/types\/product"}],"version-history":[{"count":0,"href":"https:\/\/domiberica.international\/es\/wp-json\/wp\/v2\/product\/1982\/revisions"}],"wp:featuredmedia":[{"embeddable":true,"href":"https:\/\/domiberica.international\/es\/wp-json\/wp\/v2\/media\/1983"}],"wp:attachment":[{"href":"https:\/\/domiberica.international\/es\/wp-json\/wp\/v2\/media?parent=1982"}],"wp:term":[{"taxonomy":"product_brand","embeddable":true,"href":"https:\/\/domiberica.international\/es\/wp-json\/wp\/v2\/product_brand?post=1982"},{"taxonomy":"product_cat","embeddable":true,"href":"https:\/\/domiberica.international\/es\/wp-json\/wp\/v2\/product_cat?post=1982"},{"taxonomy":"product_tag","embeddable":true,"href":"https:\/\/domiberica.international\/es\/wp-json\/wp\/v2\/product_tag?post=1982"}],"curies":[{"name":"wp","href":"https:\/\/api.w.org\/{rel}","templated":true}]}}