{"id":1988,"date":"2022-08-25T16:15:08","date_gmt":"2022-08-25T16:15:08","guid":{"rendered":"https:\/\/domiberica.international\/product\/marquesas-sin-azucar"},"modified":"2022-08-25T16:15:08","modified_gmt":"2022-08-25T16:15:08","slug":"marquesas-sin-azucar","status":"publish","type":"product","link":"https:\/\/domiberica.international\/es\/producto\/marquesas-sin-azucar","title":{"rendered":"Marquesas Sin Az\u00facar"},"content":{"rendered":"","protected":false},"excerpt":{"rendered":"<p>Dulce elaborado a partir de masa de mazap\u00e1n suprema sin azucares a\u00f1adidos.<\/p>\n<p>&nbsp;<\/p>\n<p>&nbsp;<\/p>\n<p>&nbsp;<\/p>\n<p>&nbsp;<\/p>\n","protected":false},"featured_media":1989,"template":"","meta":[],"product_brand":[],"product_cat":[410,613,427,619],"product_tag":[634,637],"class_list":{"0":"post-1988","1":"product","2":"type-product","3":"status-publish","4":"has-post-thumbnail","6":"product_cat-alimentos","7":"product_cat-dulymaz-es","8":"product_cat-pasteleria","9":"product_cat-sin-azucar-anadida","10":"product_tag-dulymaz-es","11":"product_tag-no-azucar-anadida","13":"first","14":"instock","15":"shipping-taxable","16":"product-type-simple"},"_links":{"self":[{"href":"https:\/\/domiberica.international\/es\/wp-json\/wp\/v2\/product\/1988","targetHints":{"allow":["GET"]}}],"collection":[{"href":"https:\/\/domiberica.international\/es\/wp-json\/wp\/v2\/product"}],"about":[{"href":"https:\/\/domiberica.international\/es\/wp-json\/wp\/v2\/types\/product"}],"version-history":[{"count":0,"href":"https:\/\/domiberica.international\/es\/wp-json\/wp\/v2\/product\/1988\/revisions"}],"wp:featuredmedia":[{"embeddable":true,"href":"https:\/\/domiberica.international\/es\/wp-json\/wp\/v2\/media\/1989"}],"wp:attachment":[{"href":"https:\/\/domiberica.international\/es\/wp-json\/wp\/v2\/media?parent=1988"}],"wp:term":[{"taxonomy":"product_brand","embeddable":true,"href":"https:\/\/domiberica.international\/es\/wp-json\/wp\/v2\/product_brand?post=1988"},{"taxonomy":"product_cat","embeddable":true,"href":"https:\/\/domiberica.international\/es\/wp-json\/wp\/v2\/product_cat?post=1988"},{"taxonomy":"product_tag","embeddable":true,"href":"https:\/\/domiberica.international\/es\/wp-json\/wp\/v2\/product_tag?post=1988"}],"curies":[{"name":"wp","href":"https:\/\/api.w.org\/{rel}","templated":true}]}}