{"id":1993,"date":"2022-08-25T16:16:48","date_gmt":"2022-08-25T16:16:48","guid":{"rendered":"https:\/\/domiberica.international\/product\/figuritas-de-mazapan-sin-azucar"},"modified":"2022-08-25T16:16:48","modified_gmt":"2022-08-25T16:16:48","slug":"figuritas-de-mazapan-sin-azucar","status":"publish","type":"product","link":"https:\/\/domiberica.international\/es\/producto\/figuritas-de-mazapan-sin-azucar","title":{"rendered":"Figuritas de Mazap\u00e1n Sin Az\u00facar"},"content":{"rendered":"","protected":false},"excerpt":{"rendered":"<p>Figuritas de mazap\u00e1n suprema sin az\u00facares a\u00f1adidos.<\/p>\n<p>&nbsp;<\/p>\n<p>&nbsp;<\/p>\n<p>&nbsp;<\/p>\n<p>&nbsp;<\/p>\n","protected":false},"featured_media":1994,"template":"","meta":[],"product_brand":[],"product_cat":[410,613,427,619],"product_tag":[634,637],"class_list":{"0":"post-1993","1":"product","2":"type-product","3":"status-publish","4":"has-post-thumbnail","6":"product_cat-alimentos","7":"product_cat-dulymaz-es","8":"product_cat-pasteleria","9":"product_cat-sin-azucar-anadida","10":"product_tag-dulymaz-es","11":"product_tag-no-azucar-anadida","13":"first","14":"instock","15":"shipping-taxable","16":"product-type-simple"},"_links":{"self":[{"href":"https:\/\/domiberica.international\/es\/wp-json\/wp\/v2\/product\/1993","targetHints":{"allow":["GET"]}}],"collection":[{"href":"https:\/\/domiberica.international\/es\/wp-json\/wp\/v2\/product"}],"about":[{"href":"https:\/\/domiberica.international\/es\/wp-json\/wp\/v2\/types\/product"}],"version-history":[{"count":0,"href":"https:\/\/domiberica.international\/es\/wp-json\/wp\/v2\/product\/1993\/revisions"}],"wp:featuredmedia":[{"embeddable":true,"href":"https:\/\/domiberica.international\/es\/wp-json\/wp\/v2\/media\/1994"}],"wp:attachment":[{"href":"https:\/\/domiberica.international\/es\/wp-json\/wp\/v2\/media?parent=1993"}],"wp:term":[{"taxonomy":"product_brand","embeddable":true,"href":"https:\/\/domiberica.international\/es\/wp-json\/wp\/v2\/product_brand?post=1993"},{"taxonomy":"product_cat","embeddable":true,"href":"https:\/\/domiberica.international\/es\/wp-json\/wp\/v2\/product_cat?post=1993"},{"taxonomy":"product_tag","embeddable":true,"href":"https:\/\/domiberica.international\/es\/wp-json\/wp\/v2\/product_tag?post=1993"}],"curies":[{"name":"wp","href":"https:\/\/api.w.org\/{rel}","templated":true}]}}