{"id":2026,"date":"2022-08-25T16:28:48","date_gmt":"2022-08-25T16:28:48","guid":{"rendered":"https:\/\/domiberica.international\/product\/ecogalletas-de-espelta-y-cafe"},"modified":"2022-08-25T16:28:48","modified_gmt":"2022-08-25T16:28:48","slug":"ecogalletas-de-espelta-y-cafe","status":"publish","type":"product","link":"https:\/\/domiberica.international\/es\/producto\/ecogalletas-de-espelta-y-cafe","title":{"rendered":"EcoGalletas de Espelta y Caf\u00e9"},"content":{"rendered":"","protected":false},"excerpt":{"rendered":"<p>Galletas ecol\u00f3gicas de espelta y caf\u00e9 elaboradas con ingredientes procedentes de la agricultura ecol\u00f3gica.<\/p>\n<p>&nbsp;<\/p>\n<p>&nbsp;<\/p>\n<p>&nbsp;<\/p>\n<p>&nbsp;<\/p>\n","protected":false},"featured_media":2027,"template":"","meta":[],"product_brand":[],"product_cat":[410,613,621,427],"product_tag":[634,639],"class_list":{"0":"post-2026","1":"product","2":"type-product","3":"status-publish","4":"has-post-thumbnail","6":"product_cat-alimentos","7":"product_cat-dulymaz-es","8":"product_cat-ecologico","9":"product_cat-pasteleria","10":"product_tag-dulymaz-es","11":"product_tag-ecologico","13":"first","14":"instock","15":"shipping-taxable","16":"product-type-simple"},"_links":{"self":[{"href":"https:\/\/domiberica.international\/es\/wp-json\/wp\/v2\/product\/2026","targetHints":{"allow":["GET"]}}],"collection":[{"href":"https:\/\/domiberica.international\/es\/wp-json\/wp\/v2\/product"}],"about":[{"href":"https:\/\/domiberica.international\/es\/wp-json\/wp\/v2\/types\/product"}],"version-history":[{"count":0,"href":"https:\/\/domiberica.international\/es\/wp-json\/wp\/v2\/product\/2026\/revisions"}],"wp:featuredmedia":[{"embeddable":true,"href":"https:\/\/domiberica.international\/es\/wp-json\/wp\/v2\/media\/2027"}],"wp:attachment":[{"href":"https:\/\/domiberica.international\/es\/wp-json\/wp\/v2\/media?parent=2026"}],"wp:term":[{"taxonomy":"product_brand","embeddable":true,"href":"https:\/\/domiberica.international\/es\/wp-json\/wp\/v2\/product_brand?post=2026"},{"taxonomy":"product_cat","embeddable":true,"href":"https:\/\/domiberica.international\/es\/wp-json\/wp\/v2\/product_cat?post=2026"},{"taxonomy":"product_tag","embeddable":true,"href":"https:\/\/domiberica.international\/es\/wp-json\/wp\/v2\/product_tag?post=2026"}],"curies":[{"name":"wp","href":"https:\/\/api.w.org\/{rel}","templated":true}]}}