{"id":2044,"date":"2022-08-25T16:34:48","date_gmt":"2022-08-25T16:34:48","guid":{"rendered":"https:\/\/domiberica.international\/product\/magdalenas-ecologicas"},"modified":"2022-08-25T16:34:48","modified_gmt":"2022-08-25T16:34:48","slug":"magdalenas-ecologicas","status":"publish","type":"product","link":"https:\/\/domiberica.international\/es\/producto\/magdalenas-ecologicas","title":{"rendered":"Magdalenas Ecol\u00f3gicas"},"content":{"rendered":"","protected":false},"excerpt":{"rendered":"<p>Magdalenas ecol\u00f3gicas elaborado a base de huevo. Ingredientes de procedencia de la agricultura ecol\u00f3gica.<\/p>\n<p>&nbsp;<\/p>\n<p>&nbsp;<\/p>\n<p>&nbsp;<\/p>\n<p>&nbsp;<\/p>\n","protected":false},"featured_media":2045,"template":"","meta":[],"product_brand":[],"product_cat":[410,613,621,427],"product_tag":[634,639],"class_list":{"0":"post-2044","1":"product","2":"type-product","3":"status-publish","4":"has-post-thumbnail","6":"product_cat-alimentos","7":"product_cat-dulymaz-es","8":"product_cat-ecologico","9":"product_cat-pasteleria","10":"product_tag-dulymaz-es","11":"product_tag-ecologico","13":"first","14":"instock","15":"shipping-taxable","16":"product-type-simple"},"_links":{"self":[{"href":"https:\/\/domiberica.international\/es\/wp-json\/wp\/v2\/product\/2044","targetHints":{"allow":["GET"]}}],"collection":[{"href":"https:\/\/domiberica.international\/es\/wp-json\/wp\/v2\/product"}],"about":[{"href":"https:\/\/domiberica.international\/es\/wp-json\/wp\/v2\/types\/product"}],"version-history":[{"count":0,"href":"https:\/\/domiberica.international\/es\/wp-json\/wp\/v2\/product\/2044\/revisions"}],"wp:featuredmedia":[{"embeddable":true,"href":"https:\/\/domiberica.international\/es\/wp-json\/wp\/v2\/media\/2045"}],"wp:attachment":[{"href":"https:\/\/domiberica.international\/es\/wp-json\/wp\/v2\/media?parent=2044"}],"wp:term":[{"taxonomy":"product_brand","embeddable":true,"href":"https:\/\/domiberica.international\/es\/wp-json\/wp\/v2\/product_brand?post=2044"},{"taxonomy":"product_cat","embeddable":true,"href":"https:\/\/domiberica.international\/es\/wp-json\/wp\/v2\/product_cat?post=2044"},{"taxonomy":"product_tag","embeddable":true,"href":"https:\/\/domiberica.international\/es\/wp-json\/wp\/v2\/product_tag?post=2044"}],"curies":[{"name":"wp","href":"https:\/\/api.w.org\/{rel}","templated":true}]}}