{"id":2054,"date":"2022-08-25T16:38:38","date_gmt":"2022-08-25T16:38:38","guid":{"rendered":"https:\/\/domiberica.international\/product\/crocanti-de-almendra"},"modified":"2022-08-25T16:38:38","modified_gmt":"2022-08-25T16:38:38","slug":"crocanti-de-almendra","status":"publish","type":"product","link":"https:\/\/domiberica.international\/es\/producto\/crocanti-de-almendra","title":{"rendered":"Crocanti de Almendra"},"content":{"rendered":"","protected":false},"excerpt":{"rendered":"<p>Mezcla de almendra y az\u00facar caramelizada, utilizada para decoraci\u00f3n en pasteler\u00eda y helader\u00eda.<\/p>\n<p>&nbsp;<\/p>\n<p>&nbsp;<\/p>\n<p>&nbsp;<\/p>\n<p>&nbsp;<\/p>\n","protected":false},"featured_media":2055,"template":"","meta":[],"product_brand":[],"product_cat":[410,613,427,622],"product_tag":[634,640],"class_list":{"0":"post-2054","1":"product","2":"type-product","3":"status-publish","4":"has-post-thumbnail","6":"product_cat-alimentos","7":"product_cat-dulymaz-es","8":"product_cat-pasteleria","9":"product_cat-semi-elaborado","10":"product_tag-dulymaz-es","11":"product_tag-semielaborado","13":"first","14":"instock","15":"shipping-taxable","16":"product-type-simple"},"_links":{"self":[{"href":"https:\/\/domiberica.international\/es\/wp-json\/wp\/v2\/product\/2054","targetHints":{"allow":["GET"]}}],"collection":[{"href":"https:\/\/domiberica.international\/es\/wp-json\/wp\/v2\/product"}],"about":[{"href":"https:\/\/domiberica.international\/es\/wp-json\/wp\/v2\/types\/product"}],"version-history":[{"count":0,"href":"https:\/\/domiberica.international\/es\/wp-json\/wp\/v2\/product\/2054\/revisions"}],"wp:featuredmedia":[{"embeddable":true,"href":"https:\/\/domiberica.international\/es\/wp-json\/wp\/v2\/media\/2055"}],"wp:attachment":[{"href":"https:\/\/domiberica.international\/es\/wp-json\/wp\/v2\/media?parent=2054"}],"wp:term":[{"taxonomy":"product_brand","embeddable":true,"href":"https:\/\/domiberica.international\/es\/wp-json\/wp\/v2\/product_brand?post=2054"},{"taxonomy":"product_cat","embeddable":true,"href":"https:\/\/domiberica.international\/es\/wp-json\/wp\/v2\/product_cat?post=2054"},{"taxonomy":"product_tag","embeddable":true,"href":"https:\/\/domiberica.international\/es\/wp-json\/wp\/v2\/product_tag?post=2054"}],"curies":[{"name":"wp","href":"https:\/\/api.w.org\/{rel}","templated":true}]}}