{"id":2217,"date":"2022-08-26T17:07:40","date_gmt":"2022-08-26T17:07:40","guid":{"rendered":"https:\/\/domiberica.international\/product\/avgvstvs-chardonnay"},"modified":"2022-08-26T17:07:40","modified_gmt":"2022-08-26T17:07:40","slug":"avgvstvs-chardonnay-2","status":"publish","type":"product","link":"https:\/\/domiberica.international\/es\/producto\/avgvstvs-chardonnay-2","title":{"rendered":"AVGVSTVS CHARDONNAY"},"content":{"rendered":"","protected":false},"excerpt":{"rendered":"<ul>\n<li>Un gran vino que nos aporta en nariz y en boca fruta tropical muy madura y peque\u00f1os toques c\u00edtricos. Su fermentaci\u00f3n en barrica de roble franc\u00e9s le confiere notas ligeramente tostadas, combinadas m\u00e1gicamente con los toques l\u00e1cticos, otorgando a este vino de una cremosidad y volumen inolvidables.<\/li>\n<li>Excelente con pescado, sobre todo en el horno, marisco, arroces, frutos secos y quesos azules y de cabra.<\/li>\n<li>Servir a 8-10\u00baC.<\/li>\n<\/ul>\n","protected":false},"featured_media":2214,"template":"","meta":[],"product_brand":[],"product_cat":[652,339,343,341],"product_tag":[653,654],"class_list":{"0":"post-2217","1":"product","2":"type-product","3":"status-publish","4":"has-post-thumbnail","6":"product_cat-avgvstvs-forvm-es","7":"product_cat-bebidas-y-licores","8":"product_cat-blanco","9":"product_cat-vinos","10":"product_tag-avgvstvs-es","11":"product_tag-avgvstvs-forvm-es","13":"first","14":"instock","15":"shipping-taxable","16":"product-type-simple"},"_links":{"self":[{"href":"https:\/\/domiberica.international\/es\/wp-json\/wp\/v2\/product\/2217","targetHints":{"allow":["GET"]}}],"collection":[{"href":"https:\/\/domiberica.international\/es\/wp-json\/wp\/v2\/product"}],"about":[{"href":"https:\/\/domiberica.international\/es\/wp-json\/wp\/v2\/types\/product"}],"version-history":[{"count":0,"href":"https:\/\/domiberica.international\/es\/wp-json\/wp\/v2\/product\/2217\/revisions"}],"wp:featuredmedia":[{"embeddable":true,"href":"https:\/\/domiberica.international\/es\/wp-json\/wp\/v2\/media\/2214"}],"wp:attachment":[{"href":"https:\/\/domiberica.international\/es\/wp-json\/wp\/v2\/media?parent=2217"}],"wp:term":[{"taxonomy":"product_brand","embeddable":true,"href":"https:\/\/domiberica.international\/es\/wp-json\/wp\/v2\/product_brand?post=2217"},{"taxonomy":"product_cat","embeddable":true,"href":"https:\/\/domiberica.international\/es\/wp-json\/wp\/v2\/product_cat?post=2217"},{"taxonomy":"product_tag","embeddable":true,"href":"https:\/\/domiberica.international\/es\/wp-json\/wp\/v2\/product_tag?post=2217"}],"curies":[{"name":"wp","href":"https:\/\/api.w.org\/{rel}","templated":true}]}}