{"id":2224,"date":"2022-08-26T17:21:20","date_gmt":"2022-08-26T17:21:20","guid":{"rendered":"https:\/\/domiberica.international\/product\/avgvstvs-antigues-reserves-chardonnay-2014"},"modified":"2022-08-26T17:21:20","modified_gmt":"2022-08-26T17:21:20","slug":"avgvstvs-antigues-reserves-chardonnay-2014-2","status":"publish","type":"product","link":"https:\/\/domiberica.international\/es\/producto\/avgvstvs-antigues-reserves-chardonnay-2014-2","title":{"rendered":"AVGVSTVS ANTIGUES RESERVES CHARDONNAY 2014"},"content":{"rendered":"","protected":false},"excerpt":{"rendered":"<ul>\n<li>Una elaboraci\u00f3n meticulosa y un largo envejecimiento en botella hacen que este vino se transforme en un vino \u00fanico: m\u00e1s complejo, elegante y sedoso. De color amarillo pajizo, nariz complejo donde predominan los toques l\u00e1cticos y los frutos secos y una boca noble y sedosa.<\/li>\n<li>Ideal para guisos, pescados al horno, foie gras, frutos secos o una tabla de quesos azules, de cabra o cremosos.<\/li>\n<li>Servir a 8-10\u00baC.<\/li>\n<\/ul>\n","protected":false},"featured_media":2222,"template":"","meta":[],"product_brand":[],"product_cat":[652,339,343,341],"product_tag":[653,654],"class_list":{"0":"post-2224","1":"product","2":"type-product","3":"status-publish","4":"has-post-thumbnail","6":"product_cat-avgvstvs-forvm-es","7":"product_cat-bebidas-y-licores","8":"product_cat-blanco","9":"product_cat-vinos","10":"product_tag-avgvstvs-es","11":"product_tag-avgvstvs-forvm-es","13":"first","14":"instock","15":"shipping-taxable","16":"product-type-simple"},"_links":{"self":[{"href":"https:\/\/domiberica.international\/es\/wp-json\/wp\/v2\/product\/2224","targetHints":{"allow":["GET"]}}],"collection":[{"href":"https:\/\/domiberica.international\/es\/wp-json\/wp\/v2\/product"}],"about":[{"href":"https:\/\/domiberica.international\/es\/wp-json\/wp\/v2\/types\/product"}],"version-history":[{"count":0,"href":"https:\/\/domiberica.international\/es\/wp-json\/wp\/v2\/product\/2224\/revisions"}],"wp:featuredmedia":[{"embeddable":true,"href":"https:\/\/domiberica.international\/es\/wp-json\/wp\/v2\/media\/2222"}],"wp:attachment":[{"href":"https:\/\/domiberica.international\/es\/wp-json\/wp\/v2\/media?parent=2224"}],"wp:term":[{"taxonomy":"product_brand","embeddable":true,"href":"https:\/\/domiberica.international\/es\/wp-json\/wp\/v2\/product_brand?post=2224"},{"taxonomy":"product_cat","embeddable":true,"href":"https:\/\/domiberica.international\/es\/wp-json\/wp\/v2\/product_cat?post=2224"},{"taxonomy":"product_tag","embeddable":true,"href":"https:\/\/domiberica.international\/es\/wp-json\/wp\/v2\/product_tag?post=2224"}],"curies":[{"name":"wp","href":"https:\/\/api.w.org\/{rel}","templated":true}]}}