{"id":2264,"date":"2022-08-26T18:23:42","date_gmt":"2022-08-26T18:23:42","guid":{"rendered":"https:\/\/domiberica.international\/product\/microvinificacion-malvasia-de-sitges"},"modified":"2022-08-26T18:42:20","modified_gmt":"2022-08-26T18:42:20","slug":"microvinificacion-malvasia-de-sitges","status":"publish","type":"product","link":"https:\/\/domiberica.international\/es\/producto\/microvinificacion-malvasia-de-sitges","title":{"rendered":"MICROVINIFICACI\u00d3N MALVASIA DE SITGES"},"content":{"rendered":"","protected":false},"excerpt":{"rendered":"<ul>\n<li>Frutas tropicales, melocot\u00f3n y albaricoque junto con toques caramelizados y l\u00e1cticos de su paso por madera. En boca es potente, arom\u00e1tico y con una acidez capaz de proporcionar al vino un buen envejecimiento.<\/li>\n<li>Muy bueno con verduras, pastas, arroces y pescados crudos o marinados.<\/li>\n<\/ul>\n","protected":false},"featured_media":2262,"template":"","meta":[],"product_brand":[],"product_cat":[652,339,343,341],"product_tag":[654,656],"class_list":{"0":"post-2264","1":"product","2":"type-product","3":"status-publish","4":"has-post-thumbnail","6":"product_cat-avgvstvs-forvm-es","7":"product_cat-bebidas-y-licores","8":"product_cat-blanco","9":"product_cat-vinos","10":"product_tag-avgvstvs-forvm-es","11":"product_tag-microvinificacion","13":"first","14":"instock","15":"shipping-taxable","16":"product-type-simple"},"_links":{"self":[{"href":"https:\/\/domiberica.international\/es\/wp-json\/wp\/v2\/product\/2264","targetHints":{"allow":["GET"]}}],"collection":[{"href":"https:\/\/domiberica.international\/es\/wp-json\/wp\/v2\/product"}],"about":[{"href":"https:\/\/domiberica.international\/es\/wp-json\/wp\/v2\/types\/product"}],"version-history":[{"count":1,"href":"https:\/\/domiberica.international\/es\/wp-json\/wp\/v2\/product\/2264\/revisions"}],"predecessor-version":[{"id":2273,"href":"https:\/\/domiberica.international\/es\/wp-json\/wp\/v2\/product\/2264\/revisions\/2273"}],"wp:featuredmedia":[{"embeddable":true,"href":"https:\/\/domiberica.international\/es\/wp-json\/wp\/v2\/media\/2262"}],"wp:attachment":[{"href":"https:\/\/domiberica.international\/es\/wp-json\/wp\/v2\/media?parent=2264"}],"wp:term":[{"taxonomy":"product_brand","embeddable":true,"href":"https:\/\/domiberica.international\/es\/wp-json\/wp\/v2\/product_brand?post=2264"},{"taxonomy":"product_cat","embeddable":true,"href":"https:\/\/domiberica.international\/es\/wp-json\/wp\/v2\/product_cat?post=2264"},{"taxonomy":"product_tag","embeddable":true,"href":"https:\/\/domiberica.international\/es\/wp-json\/wp\/v2\/product_tag?post=2264"}],"curies":[{"name":"wp","href":"https:\/\/api.w.org\/{rel}","templated":true}]}}