{"id":2271,"date":"2022-08-26T18:31:25","date_gmt":"2022-08-26T18:31:25","guid":{"rendered":"https:\/\/domiberica.international\/product\/nvde-macabeu-ciment"},"modified":"2022-08-26T18:31:25","modified_gmt":"2022-08-26T18:31:25","slug":"nvde-macabeu-ciment-2","status":"publish","type":"product","link":"https:\/\/domiberica.international\/es\/producto\/nvde-macabeu-ciment-2","title":{"rendered":"NVDE MACABEU CIMENT"},"content":{"rendered":"","protected":false},"excerpt":{"rendered":"<ul>\n<li>NVDE Ciment se elabora de una parcela de Macabeo muy especial llamada \u00abCamino del Canal\u00bb, situada en el pueblo de Albinyana. El vino se elabora con m\u00ednima intervenci\u00f3n para dejar que la vi\u00f1a y la propia variedad expresen en su plenitud, obteniendo un vino que habla de un paisaje, un vino puro y franco. Fermentado espont\u00e1neamente al huevo de cemento conseguimos un vino con volumen y unos aromas frescos que recuerdan a la fruta blanca y los c\u00edtricos.<\/li>\n<li>A copas o para maridar con mariscos, arroces, pescados, sushi y carnes blancas.<\/li>\n<\/ul>\n","protected":false},"featured_media":2269,"template":"","meta":[],"product_brand":[],"product_cat":[652,339,343,341],"product_tag":[654,657],"class_list":{"0":"post-2271","1":"product","2":"type-product","3":"status-publish","4":"has-post-thumbnail","6":"product_cat-avgvstvs-forvm-es","7":"product_cat-bebidas-y-licores","8":"product_cat-blanco","9":"product_cat-vinos","10":"product_tag-avgvstvs-forvm-es","11":"product_tag-nvde-es","13":"first","14":"instock","15":"shipping-taxable","16":"product-type-simple"},"_links":{"self":[{"href":"https:\/\/domiberica.international\/es\/wp-json\/wp\/v2\/product\/2271","targetHints":{"allow":["GET"]}}],"collection":[{"href":"https:\/\/domiberica.international\/es\/wp-json\/wp\/v2\/product"}],"about":[{"href":"https:\/\/domiberica.international\/es\/wp-json\/wp\/v2\/types\/product"}],"version-history":[{"count":0,"href":"https:\/\/domiberica.international\/es\/wp-json\/wp\/v2\/product\/2271\/revisions"}],"wp:featuredmedia":[{"embeddable":true,"href":"https:\/\/domiberica.international\/es\/wp-json\/wp\/v2\/media\/2269"}],"wp:attachment":[{"href":"https:\/\/domiberica.international\/es\/wp-json\/wp\/v2\/media?parent=2271"}],"wp:term":[{"taxonomy":"product_brand","embeddable":true,"href":"https:\/\/domiberica.international\/es\/wp-json\/wp\/v2\/product_brand?post=2271"},{"taxonomy":"product_cat","embeddable":true,"href":"https:\/\/domiberica.international\/es\/wp-json\/wp\/v2\/product_cat?post=2271"},{"taxonomy":"product_tag","embeddable":true,"href":"https:\/\/domiberica.international\/es\/wp-json\/wp\/v2\/product_tag?post=2271"}],"curies":[{"name":"wp","href":"https:\/\/api.w.org\/{rel}","templated":true}]}}