{"id":2291,"date":"2022-08-26T18:54:57","date_gmt":"2022-08-26T18:54:57","guid":{"rendered":"https:\/\/domiberica.international\/product\/avgvstvs-primer-blanc"},"modified":"2022-08-26T21:52:03","modified_gmt":"2022-08-26T21:52:03","slug":"avgvstvs-primer-blanc","status":"publish","type":"product","link":"https:\/\/domiberica.international\/es\/producto\/avgvstvs-primer-blanc","title":{"rendered":"AVGVSTVS PRIMER BLANC"},"content":{"rendered":"","protected":false},"excerpt":{"rendered":"<ul>\n<li>Cada una de las variedades que forma el cupaje del Avgvstvs Primer Blanc se complementan unas con otras a la perfecci\u00f3n, dando al vino final unos aromas intensos a fruta blanca con fondo de hierbas mediterr\u00e1neas. Muy fresco y f\u00e1cil de beber. Un vino ideal para tomar en compa\u00f1\u00eda, sobre todo en verano.<\/li>\n<li>Ideal para tomar a copas, aperitivos, carnes blancas o con platos a base de pescado o marisco.<\/li>\n<li>Servir a 4-6\u00baC.<\/li>\n<\/ul>\n","protected":false},"featured_media":2289,"template":"","meta":[],"product_brand":[],"product_cat":[652,339,343,341],"product_tag":[653,654],"class_list":{"0":"post-2291","1":"product","2":"type-product","3":"status-publish","4":"has-post-thumbnail","6":"product_cat-avgvstvs-forvm-es","7":"product_cat-bebidas-y-licores","8":"product_cat-blanco","9":"product_cat-vinos","10":"product_tag-avgvstvs-es","11":"product_tag-avgvstvs-forvm-es","13":"first","14":"instock","15":"shipping-taxable","16":"product-type-simple"},"_links":{"self":[{"href":"https:\/\/domiberica.international\/es\/wp-json\/wp\/v2\/product\/2291","targetHints":{"allow":["GET"]}}],"collection":[{"href":"https:\/\/domiberica.international\/es\/wp-json\/wp\/v2\/product"}],"about":[{"href":"https:\/\/domiberica.international\/es\/wp-json\/wp\/v2\/types\/product"}],"version-history":[{"count":1,"href":"https:\/\/domiberica.international\/es\/wp-json\/wp\/v2\/product\/2291\/revisions"}],"predecessor-version":[{"id":2301,"href":"https:\/\/domiberica.international\/es\/wp-json\/wp\/v2\/product\/2291\/revisions\/2301"}],"wp:featuredmedia":[{"embeddable":true,"href":"https:\/\/domiberica.international\/es\/wp-json\/wp\/v2\/media\/2289"}],"wp:attachment":[{"href":"https:\/\/domiberica.international\/es\/wp-json\/wp\/v2\/media?parent=2291"}],"wp:term":[{"taxonomy":"product_brand","embeddable":true,"href":"https:\/\/domiberica.international\/es\/wp-json\/wp\/v2\/product_brand?post=2291"},{"taxonomy":"product_cat","embeddable":true,"href":"https:\/\/domiberica.international\/es\/wp-json\/wp\/v2\/product_cat?post=2291"},{"taxonomy":"product_tag","embeddable":true,"href":"https:\/\/domiberica.international\/es\/wp-json\/wp\/v2\/product_tag?post=2291"}],"curies":[{"name":"wp","href":"https:\/\/api.w.org\/{rel}","templated":true}]}}