{"id":2298,"date":"2022-08-26T19:02:05","date_gmt":"2022-08-26T19:02:05","guid":{"rendered":"https:\/\/domiberica.international\/product\/avgvstvs-primer-rosat"},"modified":"2022-08-26T19:02:05","modified_gmt":"2022-08-26T19:02:05","slug":"avgvstvs-primer-rosat-2","status":"publish","type":"product","link":"https:\/\/domiberica.international\/es\/producto\/avgvstvs-primer-rosat-2","title":{"rendered":"AVGVSTVS PRIMER ROSAT"},"content":{"rendered":"","protected":false},"excerpt":{"rendered":"<ul>\n<li>Su elegante color rub\u00ed enamora la vista, mientras que la frescura y potencia de su aroma conquista los paladares m\u00e1s exquisitos. Encontramos notas de peque\u00f1os frutos rojos y notas propias de la variedad Cabernet Sauvignon, como la pimienta o el caf\u00e9 verde. En boca es potente, denso, goloso y muy sabroso.<\/li>\n<li>Para disfrutar con aperitivos, embutidos, carnes blancas, paellas, pastas y pescado, sobre todo a la brasa.<\/li>\n<li>Servir a 6-8\u00baC.<\/li>\n<\/ul>\n","protected":false},"featured_media":2296,"template":"","meta":[],"product_brand":[],"product_cat":[652,339,712,341],"product_tag":[653,654],"class_list":{"0":"post-2298","1":"product","2":"type-product","3":"status-publish","4":"has-post-thumbnail","6":"product_cat-avgvstvs-forvm-es","7":"product_cat-bebidas-y-licores","8":"product_cat-rose-es","9":"product_cat-vinos","10":"product_tag-avgvstvs-es","11":"product_tag-avgvstvs-forvm-es","13":"first","14":"instock","15":"shipping-taxable","16":"product-type-simple"},"_links":{"self":[{"href":"https:\/\/domiberica.international\/es\/wp-json\/wp\/v2\/product\/2298","targetHints":{"allow":["GET"]}}],"collection":[{"href":"https:\/\/domiberica.international\/es\/wp-json\/wp\/v2\/product"}],"about":[{"href":"https:\/\/domiberica.international\/es\/wp-json\/wp\/v2\/types\/product"}],"version-history":[{"count":0,"href":"https:\/\/domiberica.international\/es\/wp-json\/wp\/v2\/product\/2298\/revisions"}],"wp:featuredmedia":[{"embeddable":true,"href":"https:\/\/domiberica.international\/es\/wp-json\/wp\/v2\/media\/2296"}],"wp:attachment":[{"href":"https:\/\/domiberica.international\/es\/wp-json\/wp\/v2\/media?parent=2298"}],"wp:term":[{"taxonomy":"product_brand","embeddable":true,"href":"https:\/\/domiberica.international\/es\/wp-json\/wp\/v2\/product_brand?post=2298"},{"taxonomy":"product_cat","embeddable":true,"href":"https:\/\/domiberica.international\/es\/wp-json\/wp\/v2\/product_cat?post=2298"},{"taxonomy":"product_tag","embeddable":true,"href":"https:\/\/domiberica.international\/es\/wp-json\/wp\/v2\/product_tag?post=2298"}],"curies":[{"name":"wp","href":"https:\/\/api.w.org\/{rel}","templated":true}]}}